{"id":2335,"date":"2024-10-07T15:01:07","date_gmt":"2024-10-07T15:01:07","guid":{"rendered":"https:\/\/mistrzowieimprez.pl\/?post_type=product&#038;p=2335"},"modified":"2026-03-31T21:06:37","modified_gmt":"2026-03-31T21:06:37","slug":"back-to-school","status":"publish","type":"product","link":"https:\/\/mistrzowieimprez.pl\/en\/product\/back-to-school\/","title":{"rendered":"Back to school"},"content":{"rendered":"<h4>Opis scenariusza:<\/h4>\n<p>Proponujemy Wam wyj\u0105tkow\u0105 podr\u00f3\u017c do przesz\u0142o\u015bci \u2013 wracamy do czas\u00f3w szko\u0142y podstawowej! W ramach naszego scenariusza przygotowali\u015bmy zestaw gier i konkurencji, kt\u00f3re momentalnie przywo\u0142aj\u0105 wspomnienia z beztroskich lat dzieci\u0144stwa. To doskona\u0142a okazja, aby zn\u00f3w poczu\u0107 rado\u015b\u0107 z prostych zabaw, a jednocze\u015bnie \u015bwietnie si\u0119 zintegrowa\u0107 i nawi\u0105za\u0107 nowe relacje.<\/p>\n<p>Scenariusz opiera si\u0119 na klasycznych, znanych z dzieci\u0144stwa konkurencjach, kt\u00f3re \u0142\u0105cz\u0105 uczestnik\u00f3w we wsp\u00f3lnej zabawie. W\u015br\u00f3d naszych propozycji znajdziecie mi\u0119dzy innymi: rzucanie samolotami z papieru, memory, pa\u0144stwa-miasta, gr\u0119 w molkky oraz inne wyzwania. Cho\u0107 te zabawy wydaj\u0105 si\u0119 proste, kryje si\u0119 w nich mn\u00f3stwo dobrej zabawy i integracji. Gwarantujemy, \u017ce ka\u017cda z konkurencji dostarczy uczestnikom nie tylko \u015bmiechu, ale i niezapomnianych wspomnie\u0144.<\/p>","protected":false},"excerpt":{"rendered":"<p>Zapraszamy na podr\u00f3\u017c w czasie do beztroskich lat szko\u0142y podstawowej! Przygotowali\u015bmy zestaw klasycznych gier i konkurencji, takich jak samoloty, memory, pa\u0144stwa-miasta, czy gra w molkky. Dzi\u0119ki tym prostym, ale anga\u017cuj\u0105cym zabawom, uczestnicy b\u0119d\u0105 si\u0119 integrowa\u0107 i tworzy\u0107 niezapomniane wspomnienia.<\/p>","protected":false},"featured_media":2311,"comment_status":"open","ping_status":"closed","template":"","meta":{"_acf_changed":false},"product_brand":[],"product_cat":[95,94],"product_tag":[],"class_list":{"0":"post-2335","1":"product","2":"type-product","3":"status-publish","4":"has-post-thumbnail","6":"product_cat-outdoor-team-building","7":"product_cat-team-building","9":"first","10":"instock","11":"shipping-taxable","12":"product-type-simple"},"acf":[],"yoast_head":"<!-- This site is optimized with the Yoast SEO plugin v27.5 - https:\/\/yoast.com\/product\/yoast-seo-wordpress\/ -->\n<title>Zosta\u0144 zn\u00f3w uczniem! Samoloty z papieru, Molkky i Memory<\/title>\n<meta name=\"robots\" content=\"index, follow, max-snippet:-1, max-image-preview:large, max-video-preview:-1\" \/>\n<link rel=\"canonical\" href=\"https:\/\/mistrzowieimprez.pl\/en\/product\/back-to-school\/\" \/>\n<meta property=\"og:locale\" content=\"en_GB\" \/>\n<meta property=\"og:type\" content=\"article\" \/>\n<meta property=\"og:title\" content=\"Zosta\u0144 zn\u00f3w uczniem! Samoloty z papieru, Molkky i Memory\" \/>\n<meta property=\"og:description\" content=\"Zapraszamy na podr\u00f3\u017c w czasie do beztroskich lat szko\u0142y podstawowej! Przygotowali\u015bmy zestaw klasycznych gier i konkurencji, takich jak samoloty, memory, pa\u0144stwa-miasta, czy gra w molkky. Dzi\u0119ki tym prostym, ale anga\u017cuj\u0105cym zabawom, uczestnicy b\u0119d\u0105 si\u0119 integrowa\u0107 i tworzy\u0107 niezapomniane wspomnienia.\" \/>\n<meta property=\"og:url\" content=\"https:\/\/mistrzowieimprez.pl\/en\/product\/back-to-school\/\" \/>\n<meta property=\"og:site_name\" content=\"Mistrzowie Imprez\" \/>\n<meta property=\"article:publisher\" content=\"https:\/\/www.facebook.com\/mistrzowieimprez\" \/>\n<meta property=\"article:modified_time\" content=\"2026-03-31T21:06:37+00:00\" \/>\n<meta property=\"og:image\" content=\"https:\/\/mistrzowieimprez.pl\/wp-content\/uploads\/2024\/10\/back-to-school.webp\" \/>\n\t<meta property=\"og:image:width\" content=\"1000\" \/>\n\t<meta property=\"og:image:height\" content=\"1000\" \/>\n\t<meta property=\"og:image:type\" content=\"image\/webp\" \/>\n<meta name=\"twitter:card\" content=\"summary_large_image\" \/>\n<meta name=\"twitter:label1\" content=\"Estimated reading time\" \/>\n\t<meta name=\"twitter:data1\" content=\"1 minute\" \/>\n<script type=\"application\/ld+json\" class=\"yoast-schema-graph\">{\"@context\":\"https:\\\/\\\/schema.org\",\"@graph\":[{\"@type\":\"WebPage\",\"@id\":\"https:\\\/\\\/mistrzowieimprez.pl\\\/produkt\\\/back-to-school\\\/\",\"url\":\"https:\\\/\\\/mistrzowieimprez.pl\\\/produkt\\\/back-to-school\\\/\",\"name\":\"Zosta\u0144 zn\u00f3w uczniem! Samoloty z papieru, Molkky i Memory\",\"isPartOf\":{\"@id\":\"https:\\\/\\\/mistrzowieimprez.pl\\\/#website\"},\"primaryImageOfPage\":{\"@id\":\"https:\\\/\\\/mistrzowieimprez.pl\\\/produkt\\\/back-to-school\\\/#primaryimage\"},\"image\":{\"@id\":\"https:\\\/\\\/mistrzowieimprez.pl\\\/produkt\\\/back-to-school\\\/#primaryimage\"},\"thumbnailUrl\":\"https:\\\/\\\/mistrzowieimprez.pl\\\/wp-content\\\/uploads\\\/2024\\\/10\\\/back-to-school.webp\",\"datePublished\":\"2024-10-07T15:01:07+00:00\",\"dateModified\":\"2026-03-31T21:06:37+00:00\",\"breadcrumb\":{\"@id\":\"https:\\\/\\\/mistrzowieimprez.pl\\\/produkt\\\/back-to-school\\\/#breadcrumb\"},\"inLanguage\":\"en-GB\",\"potentialAction\":[{\"@type\":\"ReadAction\",\"target\":[\"https:\\\/\\\/mistrzowieimprez.pl\\\/produkt\\\/back-to-school\\\/\"]}]},{\"@type\":\"ImageObject\",\"inLanguage\":\"en-GB\",\"@id\":\"https:\\\/\\\/mistrzowieimprez.pl\\\/produkt\\\/back-to-school\\\/#primaryimage\",\"url\":\"https:\\\/\\\/mistrzowieimprez.pl\\\/wp-content\\\/uploads\\\/2024\\\/10\\\/back-to-school.webp\",\"contentUrl\":\"https:\\\/\\\/mistrzowieimprez.pl\\\/wp-content\\\/uploads\\\/2024\\\/10\\\/back-to-school.webp\",\"width\":1000,\"height\":1000,\"caption\":\"Grupa ludzi bierze udzia\u0142 w aktywno\u015bci na \u015bwie\u017cym powietrzu, analizuj\u0105c karty u\u0142o\u017cone na drewnianej platformie na tle zielonego terenu.\"},{\"@type\":\"BreadcrumbList\",\"@id\":\"https:\\\/\\\/mistrzowieimprez.pl\\\/produkt\\\/back-to-school\\\/#breadcrumb\",\"itemListElement\":[{\"@type\":\"ListItem\",\"position\":1,\"name\":\"Strona g\u0142\u00f3wna\",\"item\":\"https:\\\/\\\/mistrzowieimprez.pl\\\/\"},{\"@type\":\"ListItem\",\"position\":2,\"name\":\"sklep\",\"item\":\"https:\\\/\\\/mistrzowieimprez.pl\\\/sklep\\\/\"},{\"@type\":\"ListItem\",\"position\":3,\"name\":\"Back to school\"}]},{\"@type\":\"WebSite\",\"@id\":\"https:\\\/\\\/mistrzowieimprez.pl\\\/#website\",\"url\":\"https:\\\/\\\/mistrzowieimprez.pl\\\/\",\"name\":\"Mistrzowie Imprez\",\"description\":\"Kompleksowa organizacja imprez\",\"publisher\":{\"@id\":\"https:\\\/\\\/mistrzowieimprez.pl\\\/#organization\"},\"potentialAction\":[{\"@type\":\"SearchAction\",\"target\":{\"@type\":\"EntryPoint\",\"urlTemplate\":\"https:\\\/\\\/mistrzowieimprez.pl\\\/?s={search_term_string}\"},\"query-input\":{\"@type\":\"PropertyValueSpecification\",\"valueRequired\":true,\"valueName\":\"search_term_string\"}}],\"inLanguage\":\"en-GB\"},{\"@type\":\"Organization\",\"@id\":\"https:\\\/\\\/mistrzowieimprez.pl\\\/#organization\",\"name\":\"Mistrzowie Imprez\",\"url\":\"https:\\\/\\\/mistrzowieimprez.pl\\\/\",\"logo\":{\"@type\":\"ImageObject\",\"inLanguage\":\"en-GB\",\"@id\":\"https:\\\/\\\/mistrzowieimprez.pl\\\/#\\\/schema\\\/logo\\\/image\\\/\",\"url\":\"https:\\\/\\\/mistrzowieimprez.pl\\\/wp-content\\\/uploads\\\/2024\\\/08\\\/mistrzowie_imprez_logo_ciemne-tlo@4x.png\",\"contentUrl\":\"https:\\\/\\\/mistrzowieimprez.pl\\\/wp-content\\\/uploads\\\/2024\\\/08\\\/mistrzowie_imprez_logo_ciemne-tlo@4x.png\",\"width\":1318,\"height\":351,\"caption\":\"Mistrzowie Imprez\"},\"image\":{\"@id\":\"https:\\\/\\\/mistrzowieimprez.pl\\\/#\\\/schema\\\/logo\\\/image\\\/\"},\"sameAs\":[\"https:\\\/\\\/www.facebook.com\\\/mistrzowieimprez\",\"https:\\\/\\\/www.instagram.com\\\/mistrzowieimprez\\\/\",\"https:\\\/\\\/www.youtube.com\\\/@ytmistrzowieimprez\"]}]}<\/script>\n<!-- \/ Yoast SEO plugin. -->","yoast_head_json":{"title":"Zosta\u0144 zn\u00f3w uczniem! Samoloty z papieru, Molkky i Memory","robots":{"index":"index","follow":"follow","max-snippet":"max-snippet:-1","max-image-preview":"max-image-preview:large","max-video-preview":"max-video-preview:-1"},"canonical":"https:\/\/mistrzowieimprez.pl\/en\/product\/back-to-school\/","og_locale":"en_GB","og_type":"article","og_title":"Zosta\u0144 zn\u00f3w uczniem! Samoloty z papieru, Molkky i Memory","og_description":"Zapraszamy na podr\u00f3\u017c w czasie do beztroskich lat szko\u0142y podstawowej! Przygotowali\u015bmy zestaw klasycznych gier i konkurencji, takich jak samoloty, memory, pa\u0144stwa-miasta, czy gra w molkky. Dzi\u0119ki tym prostym, ale anga\u017cuj\u0105cym zabawom, uczestnicy b\u0119d\u0105 si\u0119 integrowa\u0107 i tworzy\u0107 niezapomniane wspomnienia.","og_url":"https:\/\/mistrzowieimprez.pl\/en\/product\/back-to-school\/","og_site_name":"Mistrzowie Imprez","article_publisher":"https:\/\/www.facebook.com\/mistrzowieimprez","article_modified_time":"2026-03-31T21:06:37+00:00","og_image":[{"width":1000,"height":1000,"url":"https:\/\/mistrzowieimprez.pl\/wp-content\/uploads\/2024\/10\/back-to-school.webp","type":"image\/webp"}],"twitter_card":"summary_large_image","twitter_misc":{"Estimated reading time":"1 minute"},"schema":{"@context":"https:\/\/schema.org","@graph":[{"@type":"WebPage","@id":"https:\/\/mistrzowieimprez.pl\/produkt\/back-to-school\/","url":"https:\/\/mistrzowieimprez.pl\/produkt\/back-to-school\/","name":"Zosta\u0144 zn\u00f3w uczniem! Samoloty z papieru, Molkky i Memory","isPartOf":{"@id":"https:\/\/mistrzowieimprez.pl\/#website"},"primaryImageOfPage":{"@id":"https:\/\/mistrzowieimprez.pl\/produkt\/back-to-school\/#primaryimage"},"image":{"@id":"https:\/\/mistrzowieimprez.pl\/produkt\/back-to-school\/#primaryimage"},"thumbnailUrl":"https:\/\/mistrzowieimprez.pl\/wp-content\/uploads\/2024\/10\/back-to-school.webp","datePublished":"2024-10-07T15:01:07+00:00","dateModified":"2026-03-31T21:06:37+00:00","breadcrumb":{"@id":"https:\/\/mistrzowieimprez.pl\/produkt\/back-to-school\/#breadcrumb"},"inLanguage":"en-GB","potentialAction":[{"@type":"ReadAction","target":["https:\/\/mistrzowieimprez.pl\/produkt\/back-to-school\/"]}]},{"@type":"ImageObject","inLanguage":"en-GB","@id":"https:\/\/mistrzowieimprez.pl\/produkt\/back-to-school\/#primaryimage","url":"https:\/\/mistrzowieimprez.pl\/wp-content\/uploads\/2024\/10\/back-to-school.webp","contentUrl":"https:\/\/mistrzowieimprez.pl\/wp-content\/uploads\/2024\/10\/back-to-school.webp","width":1000,"height":1000,"caption":"Grupa ludzi bierze udzia\u0142 w aktywno\u015bci na \u015bwie\u017cym powietrzu, analizuj\u0105c karty u\u0142o\u017cone na drewnianej platformie na tle zielonego terenu."},{"@type":"BreadcrumbList","@id":"https:\/\/mistrzowieimprez.pl\/produkt\/back-to-school\/#breadcrumb","itemListElement":[{"@type":"ListItem","position":1,"name":"Strona g\u0142\u00f3wna","item":"https:\/\/mistrzowieimprez.pl\/"},{"@type":"ListItem","position":2,"name":"sklep","item":"https:\/\/mistrzowieimprez.pl\/sklep\/"},{"@type":"ListItem","position":3,"name":"Back to school"}]},{"@type":"WebSite","@id":"https:\/\/mistrzowieimprez.pl\/#website","url":"https:\/\/mistrzowieimprez.pl\/","name":"Mistrzowie Imprez","description":"Kompleksowa organizacja imprez","publisher":{"@id":"https:\/\/mistrzowieimprez.pl\/#organization"},"potentialAction":[{"@type":"SearchAction","target":{"@type":"EntryPoint","urlTemplate":"https:\/\/mistrzowieimprez.pl\/?s={search_term_string}"},"query-input":{"@type":"PropertyValueSpecification","valueRequired":true,"valueName":"search_term_string"}}],"inLanguage":"en-GB"},{"@type":"Organization","@id":"https:\/\/mistrzowieimprez.pl\/#organization","name":"Mistrzowie Imprez","url":"https:\/\/mistrzowieimprez.pl\/","logo":{"@type":"ImageObject","inLanguage":"en-GB","@id":"https:\/\/mistrzowieimprez.pl\/#\/schema\/logo\/image\/","url":"https:\/\/mistrzowieimprez.pl\/wp-content\/uploads\/2024\/08\/mistrzowie_imprez_logo_ciemne-tlo@4x.png","contentUrl":"https:\/\/mistrzowieimprez.pl\/wp-content\/uploads\/2024\/08\/mistrzowie_imprez_logo_ciemne-tlo@4x.png","width":1318,"height":351,"caption":"Mistrzowie Imprez"},"image":{"@id":"https:\/\/mistrzowieimprez.pl\/#\/schema\/logo\/image\/"},"sameAs":["https:\/\/www.facebook.com\/mistrzowieimprez","https:\/\/www.instagram.com\/mistrzowieimprez\/","https:\/\/www.youtube.com\/@ytmistrzowieimprez"]}]}},"_links":{"self":[{"href":"https:\/\/mistrzowieimprez.pl\/en\/wp-json\/wp\/v2\/product\/2335","targetHints":{"allow":["GET"]}}],"collection":[{"href":"https:\/\/mistrzowieimprez.pl\/en\/wp-json\/wp\/v2\/product"}],"about":[{"href":"https:\/\/mistrzowieimprez.pl\/en\/wp-json\/wp\/v2\/types\/product"}],"replies":[{"embeddable":true,"href":"https:\/\/mistrzowieimprez.pl\/en\/wp-json\/wp\/v2\/comments?post=2335"}],"version-history":[{"count":1,"href":"https:\/\/mistrzowieimprez.pl\/en\/wp-json\/wp\/v2\/product\/2335\/revisions"}],"predecessor-version":[{"id":2336,"href":"https:\/\/mistrzowieimprez.pl\/en\/wp-json\/wp\/v2\/product\/2335\/revisions\/2336"}],"wp:featuredmedia":[{"embeddable":true,"href":"https:\/\/mistrzowieimprez.pl\/en\/wp-json\/wp\/v2\/media\/2311"}],"wp:attachment":[{"href":"https:\/\/mistrzowieimprez.pl\/en\/wp-json\/wp\/v2\/media?parent=2335"}],"wp:term":[{"taxonomy":"product_brand","embeddable":true,"href":"https:\/\/mistrzowieimprez.pl\/en\/wp-json\/wp\/v2\/product_brand?post=2335"},{"taxonomy":"product_cat","embeddable":true,"href":"https:\/\/mistrzowieimprez.pl\/en\/wp-json\/wp\/v2\/product_cat?post=2335"},{"taxonomy":"product_tag","embeddable":true,"href":"https:\/\/mistrzowieimprez.pl\/en\/wp-json\/wp\/v2\/product_tag?post=2335"}],"curies":[{"name":"wp","href":"https:\/\/api.w.org\/{rel}","templated":true}]}}