{"id":3291,"date":"2025-09-10T17:07:35","date_gmt":"2025-09-10T17:07:35","guid":{"rendered":"https:\/\/mistrzowieimprez.pl\/?page_id=3291"},"modified":"2025-09-10T17:27:14","modified_gmt":"2025-09-10T17:27:14","slug":"s","status":"publish","type":"page","link":"https:\/\/mistrzowieimprez.pl\/en\/leksykon-mistrzow-imprez\/s\/","title":{"rendered":"S"},"content":{"rendered":"<div data-elementor-type=\"wp-page\" data-elementor-id=\"3291\" class=\"elementor elementor-3291\" data-elementor-post-type=\"page\">\n\t\t\t\t<div class=\"elementor-element elementor-element-21a7fd6c e-flex e-con-boxed elementor-invisible e-con e-parent\" data-id=\"21a7fd6c\" data-element_type=\"container\" data-e-type=\"container\" data-settings=\"{&quot;background_background&quot;:&quot;classic&quot;,&quot;animation&quot;:&quot;fadeIn&quot;}\">\n\t\t\t\t\t<div class=\"e-con-inner\">\n\t\t<div class=\"elementor-element elementor-element-6bc19e9f e-con-full e-flex e-con e-child\" data-id=\"6bc19e9f\" data-element_type=\"container\" data-e-type=\"container\">\n\t\t\t\t<div class=\"elementor-element elementor-element-f768de7 elementor-widget-laptop__width-inherit elementor-invisible elementor-widget elementor-widget-heading\" data-id=\"f768de7\" data-element_type=\"widget\" data-e-type=\"widget\" data-settings=\"{&quot;_animation&quot;:&quot;fadeInUp&quot;}\" data-widget_type=\"heading.default\">\n\t\t\t\t\t<p class=\"elementor-heading-title elementor-size-default\">S<\/p>\t\t\t\t<\/div>\n\t\t\t\t<\/div>\n\t\t\t\t\t<\/div>\n\t\t\t\t<\/div>\n\t\t<div class=\"elementor-element elementor-element-3972428a e-flex e-con-boxed elementor-invisible e-con e-parent\" data-id=\"3972428a\" data-element_type=\"container\" data-e-type=\"container\" data-settings=\"{&quot;background_background&quot;:&quot;classic&quot;,&quot;animation&quot;:&quot;fadeIn&quot;}\">\n\t\t\t\t\t<div class=\"e-con-inner\">\n\t\t<div class=\"elementor-element elementor-element-2008fec9 e-con-full e-flex elementor-invisible e-con e-child\" data-id=\"2008fec9\" data-element_type=\"container\" data-e-type=\"container\" data-settings=\"{&quot;animation&quot;:&quot;fadeInLeft&quot;}\">\n\t\t\t\t<div class=\"elementor-element elementor-element-3e5076f elementor-widget elementor-widget-image\" data-id=\"3e5076f\" data-element_type=\"widget\" data-e-type=\"widget\" data-widget_type=\"image.default\">\n\t\t\t\t\t\t\t\t\t\t\t\t\t\t\t<img fetchpriority=\"high\" decoding=\"async\" width=\"1000\" height=\"1000\" src=\"https:\/\/mistrzowieimprez.pl\/wp-content\/uploads\/2024\/10\/OWADY-2_19_11zon.webp\" class=\"attachment-full size-full wp-image-2583\" alt=\"Osoba w czapce uk\u0142ada przy drewnianej konstrukcji elementy dekoracyjne wykonane z ga\u0142\u0105zek i s\u0142omy.\" srcset=\"https:\/\/mistrzowieimprez.pl\/wp-content\/uploads\/2024\/10\/OWADY-2_19_11zon.webp 1000w, https:\/\/mistrzowieimprez.pl\/wp-content\/uploads\/2024\/10\/OWADY-2_19_11zon-300x300.webp 300w, https:\/\/mistrzowieimprez.pl\/wp-content\/uploads\/2024\/10\/OWADY-2_19_11zon-150x150.webp 150w, https:\/\/mistrzowieimprez.pl\/wp-content\/uploads\/2024\/10\/OWADY-2_19_11zon-768x768.webp 768w, https:\/\/mistrzowieimprez.pl\/wp-content\/uploads\/2024\/10\/OWADY-2_19_11zon-12x12.webp 12w, https:\/\/mistrzowieimprez.pl\/wp-content\/uploads\/2024\/10\/OWADY-2_19_11zon-600x600.webp 600w, https:\/\/mistrzowieimprez.pl\/wp-content\/uploads\/2024\/10\/OWADY-2_19_11zon-100x100.webp 100w\" sizes=\"(max-width: 1000px) 100vw, 1000px\" \/>\t\t\t\t\t\t\t\t\t\t\t\t\t\t\t<\/div>\n\t\t\t\t<\/div>\n\t\t<div class=\"elementor-element elementor-element-7a5b7ca9 e-con-full e-flex e-con e-child\" data-id=\"7a5b7ca9\" data-element_type=\"container\" data-e-type=\"container\">\n\t\t\t\t<div class=\"elementor-element elementor-element-71e1308f elementor-invisible elementor-widget elementor-widget-heading\" data-id=\"71e1308f\" data-element_type=\"widget\" data-e-type=\"widget\" data-settings=\"{&quot;_animation&quot;:&quot;fadeInUp&quot;}\" data-widget_type=\"heading.default\">\n\t\t\t\t\t<h1 class=\"elementor-heading-title elementor-size-default\">S jak Scenariusze integracyjne<\/h1>\t\t\t\t<\/div>\n\t\t\t\t<div class=\"elementor-element elementor-element-4986ae2d elementor-invisible elementor-widget elementor-widget-text-editor\" data-id=\"4986ae2d\" data-element_type=\"widget\" data-e-type=\"widget\" data-settings=\"{&quot;_animation&quot;:&quot;fadeInUp&quot;}\" data-widget_type=\"text-editor.default\">\n\t\t\t\t\t\t\t\t\t<p data-start=\"162\" data-end=\"499\">Scenariusze integracyjne to prawdziwa specjalno\u015b\u0107 Mistrz\u00f3w Imprez. To nie tylko zbi\u00f3r atrakcji, ale sp\u00f3jna koncepcja, kt\u00f3ra anga\u017cuje uczestnik\u00f3w, pobudza kreatywno\u015b\u0107, wzmacnia wsp\u00f3\u0142prac\u0119 i buduje pozytywne relacje w zespole. Dobrze zaprojektowany scenariusz to fundament udanego eventu \u2013 i niezawodna recepta na zapami\u0119tywalne prze\u017cycia.<\/p><p data-start=\"501\" data-end=\"946\">W naszej ofercie znajdziesz kilkadziesi\u0105t <a class=\"decorated-link cursor-pointer\" target=\"_new\" rel=\"noopener\" data-start=\"543\" data-end=\"643\">gotowych scenariuszy integracyjnych<\/a>, kt\u00f3re mo\u017cesz dopasowa\u0107 do charakteru swojej firmy, bran\u017cy, wieku uczestnik\u00f3w i pory roku. Od klasycznych gier terenowych i wyzwa\u0144 survivalowych, przez tematyczne misje (np. &#8222;Operacja VIP&#8221; czy &#8222;Kryptonim: Integracja&#8221;), a\u017c po oryginalne formy integracji, jak escape room w namiocie czy fabularna gra VR.<\/p><p data-start=\"948\" data-end=\"1266\">Najwa\u017cniejsze w scenariuszu integracyjnym jest to, \u017ce <strong data-start=\"1002\" data-end=\"1071\">uczestnicy nie tylko \u201eco\u015b robi\u0105\u201d \u2013 oni staj\u0105 si\u0119 cz\u0119\u015bci\u0105 historii<\/strong>. Maj\u0105 role, cele, dru\u017cyny, zadania. Walcz\u0105 z czasem, zdobywaj\u0105 punkty, wsp\u00f3\u0142pracuj\u0105 lub rywalizuj\u0105. To wszystko tworzy emocje, kt\u00f3re przek\u0142adaj\u0105 si\u0119 na silniejsze wi\u0119zi i lepsze relacje w pracy.<\/p><p data-start=\"1268\" data-end=\"1706\">Nasze scenariusze cz\u0119sto \u0142\u0105cz\u0105 r\u00f3\u017cne formaty \u2013 gry logiczne, ruchowe, zadania kreatywne i <a class=\"decorated-link cursor-pointer\" target=\"_new\" rel=\"noopener\" data-start=\"1358\" data-end=\"1421\">elementy technologiczne<\/a>. Mog\u0105 by\u0107 rozgrywane zar\u00f3wno na \u015bwie\u017cym powietrzu, jak i wewn\u0105trz budynk\u00f3w, w lesie, parku, hotelu, hali sportowej czy przestrzeni miejskiej. Dodatkowo \u2013 ka\u017cdy scenariusz mo\u017cemy spersonalizowa\u0107 pod k\u0105tem Twojej firmy: doda\u0107 has\u0142a, warto\u015bci, produkty, logotypy, a nawet\u2026 konkurencj\u0119 \ud83d\ude09<\/p><p data-start=\"1708\" data-end=\"2020\">Scenariusze integracyjne doskonale sprawdzaj\u0105 si\u0119 na wyjazdach firmowych, podczas piknik\u00f3w, <a class=\"decorated-link cursor-pointer\" target=\"_new\" rel=\"noopener\" data-start=\"1800\" data-end=\"1860\">team building\u00f3w<\/a>, a tak\u017ce jako aktywne przerywniki konferencji czy szkole\u0144. To nieformalna forma rozwoju zespo\u0142u, kt\u00f3ra jednocze\u015bnie daje rado\u015b\u0107 i konkretne efekty w relacjach.<\/p><p data-start=\"2022\" data-end=\"2224\">Z nami nie dostajesz gotowego \u201epude\u0142ka z zabaw\u0105\u201d. Ka\u017cdy scenariusz opracowujemy, testujemy i realizujemy z pe\u0142nym zaanga\u017cowaniem \u2013 tak, by Twoja firma wynios\u0142a z niego co\u015b wi\u0119cej ni\u017c tylko dobr\u0105 zabaw\u0119.<\/p><p data-start=\"2231\" data-end=\"2304\"><strong data-start=\"2231\" data-end=\"2304\">Chcesz wiedzie\u0107 wi\u0119cej o anga\u017cuj\u0105cych formach integracji? Zobacz te\u017c:<\/strong><\/p><p data-start=\"2306\" data-end=\"2661\"><span style=\"text-decoration: underline;\"><a href=\"https:\/\/mistrzowieimprez.pl\/leksykon-mistrzow-imprez\/t\">\u2013 <strong data-start=\"2308\" data-end=\"2385\">T jak Team building<\/strong><\/a><\/span><br data-start=\"2385\" data-end=\"2388\" \/><span style=\"text-decoration: underline;\"><a href=\"https:\/\/mistrzowieimprez.pl\/leksykon-mistrzow-imprez\/e\">\u2013 <strong data-start=\"2390\" data-end=\"2471\">E jak Escape room mobilny<\/strong><\/a><\/span><br data-start=\"2471\" data-end=\"2474\" \/><span style=\"text-decoration: underline;\"><a href=\"https:\/\/mistrzowieimprez.pl\/leksykon-mistrzow-imprez\/r\">\u2013 <strong data-start=\"2476\" data-end=\"2571\">R jak Realizacja scenariusza<\/strong><\/a><\/span><br data-start=\"2571\" data-end=\"2574\" \/><span style=\"text-decoration: underline;\"><a href=\"https:\/\/mistrzowieimprez.pl\/leksykon-mistrzow-imprez\/g\">\u2013 <strong data-start=\"2576\" data-end=\"2659\">G jak Gry integracyjne<\/strong><\/a><\/span><\/p><p data-start=\"2306\" data-end=\"2661\"><a class=\"\" href=\"http:\/\/mistrzowieimprez.pl\/leksykon-mistrzow-imprez\/\" target=\"_new\" rel=\"noopener\" data-start=\"2520\" data-end=\"2595\">Powr\u00f3t do leksykonu<\/a><\/p>\t\t\t\t\t\t\t\t<\/div>\n\t\t\t\t<\/div>\n\t\t\t\t\t<\/div>\n\t\t\t\t<\/div>\n\t\t\t\t<\/div>","protected":false},"excerpt":{"rendered":"<p>S jak Scenariusze integracyjne Scenariusze integracyjne to prawdziwa specjalno\u015b\u0107 Mistrz\u00f3w Imprez. To nie tylko zbi\u00f3r atrakcji, ale sp\u00f3jna koncepcja, kt\u00f3ra anga\u017cuje uczestnik\u00f3w, pobudza kreatywno\u015b\u0107, wzmacnia wsp\u00f3\u0142prac\u0119 i buduje pozytywne relacje w zespole. Dobrze zaprojektowany scenariusz to fundament udanego eventu \u2013 i niezawodna recepta na zapami\u0119tywalne prze\u017cycia. W naszej ofercie znajdziesz kilkadziesi\u0105t gotowych scenariuszy integracyjnych, kt\u00f3re [&hellip;]<\/p>\n","protected":false},"author":9,"featured_media":0,"parent":3162,"menu_order":0,"comment_status":"closed","ping_status":"closed","template":"elementor_header_footer","meta":{"_acf_changed":false,"footnotes":""},"class_list":["post-3291","page","type-page","status-publish","hentry"],"acf":[],"yoast_head":"<!-- This site is optimized with the Yoast SEO plugin v27.5 - https:\/\/yoast.com\/product\/yoast-seo-wordpress\/ -->\n<title>- Mistrzowie Imprez<\/title>\n<meta name=\"robots\" content=\"index, follow, max-snippet:-1, max-image-preview:large, max-video-preview:-1\" \/>\n<link rel=\"canonical\" href=\"https:\/\/mistrzowieimprez.pl\/en\/leksykon-mistrzow-imprez\/s\/\" \/>\n<meta property=\"og:locale\" content=\"en_GB\" \/>\n<meta property=\"og:type\" content=\"article\" \/>\n<meta property=\"og:title\" content=\"- Mistrzowie Imprez\" \/>\n<meta property=\"og:description\" content=\"S jak Scenariusze integracyjne Scenariusze integracyjne to prawdziwa specjalno\u015b\u0107 Mistrz\u00f3w Imprez. To nie tylko zbi\u00f3r atrakcji, ale sp\u00f3jna koncepcja, kt\u00f3ra anga\u017cuje uczestnik\u00f3w, pobudza kreatywno\u015b\u0107, wzmacnia wsp\u00f3\u0142prac\u0119 i buduje pozytywne relacje w zespole. Dobrze zaprojektowany scenariusz to fundament udanego eventu \u2013 i niezawodna recepta na zapami\u0119tywalne prze\u017cycia. W naszej ofercie znajdziesz kilkadziesi\u0105t gotowych scenariuszy integracyjnych, kt\u00f3re [&hellip;]\" \/>\n<meta property=\"og:url\" content=\"https:\/\/mistrzowieimprez.pl\/en\/leksykon-mistrzow-imprez\/s\/\" \/>\n<meta property=\"og:site_name\" content=\"Mistrzowie Imprez\" \/>\n<meta property=\"article:publisher\" content=\"https:\/\/www.facebook.com\/mistrzowieimprez\" \/>\n<meta property=\"article:modified_time\" content=\"2025-09-10T17:27:14+00:00\" \/>\n<meta property=\"og:image\" content=\"https:\/\/mistrzowieimprez.pl\/wp-content\/uploads\/2024\/10\/OWADY-2_19_11zon.webp\" \/>\n\t<meta property=\"og:image:width\" content=\"1000\" \/>\n\t<meta property=\"og:image:height\" content=\"1000\" \/>\n\t<meta property=\"og:image:type\" content=\"image\/webp\" \/>\n<meta name=\"twitter:card\" content=\"summary_large_image\" \/>\n<meta name=\"twitter:label1\" content=\"Estimated reading time\" \/>\n\t<meta name=\"twitter:data1\" content=\"2 minutes\" \/>\n<script type=\"application\/ld+json\" class=\"yoast-schema-graph\">{\"@context\":\"https:\\\/\\\/schema.org\",\"@graph\":[{\"@type\":\"WebPage\",\"@id\":\"https:\\\/\\\/mistrzowieimprez.pl\\\/leksykon-mistrzow-imprez\\\/s\\\/\",\"url\":\"https:\\\/\\\/mistrzowieimprez.pl\\\/leksykon-mistrzow-imprez\\\/s\\\/\",\"name\":\"- Mistrzowie Imprez\",\"isPartOf\":{\"@id\":\"https:\\\/\\\/mistrzowieimprez.pl\\\/#website\"},\"primaryImageOfPage\":{\"@id\":\"https:\\\/\\\/mistrzowieimprez.pl\\\/leksykon-mistrzow-imprez\\\/s\\\/#primaryimage\"},\"image\":{\"@id\":\"https:\\\/\\\/mistrzowieimprez.pl\\\/leksykon-mistrzow-imprez\\\/s\\\/#primaryimage\"},\"thumbnailUrl\":\"https:\\\/\\\/mistrzowieimprez.pl\\\/wp-content\\\/uploads\\\/2024\\\/10\\\/OWADY-2_19_11zon.webp\",\"datePublished\":\"2025-09-10T17:07:35+00:00\",\"dateModified\":\"2025-09-10T17:27:14+00:00\",\"breadcrumb\":{\"@id\":\"https:\\\/\\\/mistrzowieimprez.pl\\\/leksykon-mistrzow-imprez\\\/s\\\/#breadcrumb\"},\"inLanguage\":\"en-GB\",\"potentialAction\":[{\"@type\":\"ReadAction\",\"target\":[\"https:\\\/\\\/mistrzowieimprez.pl\\\/leksykon-mistrzow-imprez\\\/s\\\/\"]}]},{\"@type\":\"ImageObject\",\"inLanguage\":\"en-GB\",\"@id\":\"https:\\\/\\\/mistrzowieimprez.pl\\\/leksykon-mistrzow-imprez\\\/s\\\/#primaryimage\",\"url\":\"https:\\\/\\\/mistrzowieimprez.pl\\\/wp-content\\\/uploads\\\/2024\\\/10\\\/OWADY-2_19_11zon.webp\",\"contentUrl\":\"https:\\\/\\\/mistrzowieimprez.pl\\\/wp-content\\\/uploads\\\/2024\\\/10\\\/OWADY-2_19_11zon.webp\"},{\"@type\":\"BreadcrumbList\",\"@id\":\"https:\\\/\\\/mistrzowieimprez.pl\\\/leksykon-mistrzow-imprez\\\/s\\\/#breadcrumb\",\"itemListElement\":[{\"@type\":\"ListItem\",\"position\":1,\"name\":\"Strona g\u0142\u00f3wna\",\"item\":\"https:\\\/\\\/mistrzowieimprez.pl\\\/\"},{\"@type\":\"ListItem\",\"position\":2,\"name\":\"Leksykon mistrz\u00f3w imprez\",\"item\":\"https:\\\/\\\/mistrzowieimprez.pl\\\/leksykon-mistrzow-imprez\\\/\"},{\"@type\":\"ListItem\",\"position\":3,\"name\":\"S\"}]},{\"@type\":\"WebSite\",\"@id\":\"https:\\\/\\\/mistrzowieimprez.pl\\\/#website\",\"url\":\"https:\\\/\\\/mistrzowieimprez.pl\\\/\",\"name\":\"Mistrzowie Imprez\",\"description\":\"Kompleksowa organizacja imprez\",\"publisher\":{\"@id\":\"https:\\\/\\\/mistrzowieimprez.pl\\\/#organization\"},\"potentialAction\":[{\"@type\":\"SearchAction\",\"target\":{\"@type\":\"EntryPoint\",\"urlTemplate\":\"https:\\\/\\\/mistrzowieimprez.pl\\\/?s={search_term_string}\"},\"query-input\":{\"@type\":\"PropertyValueSpecification\",\"valueRequired\":true,\"valueName\":\"search_term_string\"}}],\"inLanguage\":\"en-GB\"},{\"@type\":\"Organization\",\"@id\":\"https:\\\/\\\/mistrzowieimprez.pl\\\/#organization\",\"name\":\"Mistrzowie Imprez\",\"url\":\"https:\\\/\\\/mistrzowieimprez.pl\\\/\",\"logo\":{\"@type\":\"ImageObject\",\"inLanguage\":\"en-GB\",\"@id\":\"https:\\\/\\\/mistrzowieimprez.pl\\\/#\\\/schema\\\/logo\\\/image\\\/\",\"url\":\"https:\\\/\\\/mistrzowieimprez.pl\\\/wp-content\\\/uploads\\\/2024\\\/08\\\/mistrzowie_imprez_logo_ciemne-tlo@4x.png\",\"contentUrl\":\"https:\\\/\\\/mistrzowieimprez.pl\\\/wp-content\\\/uploads\\\/2024\\\/08\\\/mistrzowie_imprez_logo_ciemne-tlo@4x.png\",\"width\":1318,\"height\":351,\"caption\":\"Mistrzowie Imprez\"},\"image\":{\"@id\":\"https:\\\/\\\/mistrzowieimprez.pl\\\/#\\\/schema\\\/logo\\\/image\\\/\"},\"sameAs\":[\"https:\\\/\\\/www.facebook.com\\\/mistrzowieimprez\",\"https:\\\/\\\/www.instagram.com\\\/mistrzowieimprez\\\/\",\"https:\\\/\\\/www.youtube.com\\\/@ytmistrzowieimprez\"]}]}<\/script>\n<!-- \/ Yoast SEO plugin. -->","yoast_head_json":{"title":"- Mistrzowie Imprez","robots":{"index":"index","follow":"follow","max-snippet":"max-snippet:-1","max-image-preview":"max-image-preview:large","max-video-preview":"max-video-preview:-1"},"canonical":"https:\/\/mistrzowieimprez.pl\/en\/leksykon-mistrzow-imprez\/s\/","og_locale":"en_GB","og_type":"article","og_title":"- Mistrzowie Imprez","og_description":"S jak Scenariusze integracyjne Scenariusze integracyjne to prawdziwa specjalno\u015b\u0107 Mistrz\u00f3w Imprez. To nie tylko zbi\u00f3r atrakcji, ale sp\u00f3jna koncepcja, kt\u00f3ra anga\u017cuje uczestnik\u00f3w, pobudza kreatywno\u015b\u0107, wzmacnia wsp\u00f3\u0142prac\u0119 i buduje pozytywne relacje w zespole. Dobrze zaprojektowany scenariusz to fundament udanego eventu \u2013 i niezawodna recepta na zapami\u0119tywalne prze\u017cycia. W naszej ofercie znajdziesz kilkadziesi\u0105t gotowych scenariuszy integracyjnych, kt\u00f3re [&hellip;]","og_url":"https:\/\/mistrzowieimprez.pl\/en\/leksykon-mistrzow-imprez\/s\/","og_site_name":"Mistrzowie Imprez","article_publisher":"https:\/\/www.facebook.com\/mistrzowieimprez","article_modified_time":"2025-09-10T17:27:14+00:00","og_image":[{"width":1000,"height":1000,"url":"https:\/\/mistrzowieimprez.pl\/wp-content\/uploads\/2024\/10\/OWADY-2_19_11zon.webp","type":"image\/webp"}],"twitter_card":"summary_large_image","twitter_misc":{"Estimated reading time":"2 minutes"},"schema":{"@context":"https:\/\/schema.org","@graph":[{"@type":"WebPage","@id":"https:\/\/mistrzowieimprez.pl\/leksykon-mistrzow-imprez\/s\/","url":"https:\/\/mistrzowieimprez.pl\/leksykon-mistrzow-imprez\/s\/","name":"- Mistrzowie Imprez","isPartOf":{"@id":"https:\/\/mistrzowieimprez.pl\/#website"},"primaryImageOfPage":{"@id":"https:\/\/mistrzowieimprez.pl\/leksykon-mistrzow-imprez\/s\/#primaryimage"},"image":{"@id":"https:\/\/mistrzowieimprez.pl\/leksykon-mistrzow-imprez\/s\/#primaryimage"},"thumbnailUrl":"https:\/\/mistrzowieimprez.pl\/wp-content\/uploads\/2024\/10\/OWADY-2_19_11zon.webp","datePublished":"2025-09-10T17:07:35+00:00","dateModified":"2025-09-10T17:27:14+00:00","breadcrumb":{"@id":"https:\/\/mistrzowieimprez.pl\/leksykon-mistrzow-imprez\/s\/#breadcrumb"},"inLanguage":"en-GB","potentialAction":[{"@type":"ReadAction","target":["https:\/\/mistrzowieimprez.pl\/leksykon-mistrzow-imprez\/s\/"]}]},{"@type":"ImageObject","inLanguage":"en-GB","@id":"https:\/\/mistrzowieimprez.pl\/leksykon-mistrzow-imprez\/s\/#primaryimage","url":"https:\/\/mistrzowieimprez.pl\/wp-content\/uploads\/2024\/10\/OWADY-2_19_11zon.webp","contentUrl":"https:\/\/mistrzowieimprez.pl\/wp-content\/uploads\/2024\/10\/OWADY-2_19_11zon.webp"},{"@type":"BreadcrumbList","@id":"https:\/\/mistrzowieimprez.pl\/leksykon-mistrzow-imprez\/s\/#breadcrumb","itemListElement":[{"@type":"ListItem","position":1,"name":"Strona g\u0142\u00f3wna","item":"https:\/\/mistrzowieimprez.pl\/"},{"@type":"ListItem","position":2,"name":"Leksykon mistrz\u00f3w imprez","item":"https:\/\/mistrzowieimprez.pl\/leksykon-mistrzow-imprez\/"},{"@type":"ListItem","position":3,"name":"S"}]},{"@type":"WebSite","@id":"https:\/\/mistrzowieimprez.pl\/#website","url":"https:\/\/mistrzowieimprez.pl\/","name":"Mistrzowie Imprez","description":"Kompleksowa organizacja imprez","publisher":{"@id":"https:\/\/mistrzowieimprez.pl\/#organization"},"potentialAction":[{"@type":"SearchAction","target":{"@type":"EntryPoint","urlTemplate":"https:\/\/mistrzowieimprez.pl\/?s={search_term_string}"},"query-input":{"@type":"PropertyValueSpecification","valueRequired":true,"valueName":"search_term_string"}}],"inLanguage":"en-GB"},{"@type":"Organization","@id":"https:\/\/mistrzowieimprez.pl\/#organization","name":"Mistrzowie Imprez","url":"https:\/\/mistrzowieimprez.pl\/","logo":{"@type":"ImageObject","inLanguage":"en-GB","@id":"https:\/\/mistrzowieimprez.pl\/#\/schema\/logo\/image\/","url":"https:\/\/mistrzowieimprez.pl\/wp-content\/uploads\/2024\/08\/mistrzowie_imprez_logo_ciemne-tlo@4x.png","contentUrl":"https:\/\/mistrzowieimprez.pl\/wp-content\/uploads\/2024\/08\/mistrzowie_imprez_logo_ciemne-tlo@4x.png","width":1318,"height":351,"caption":"Mistrzowie Imprez"},"image":{"@id":"https:\/\/mistrzowieimprez.pl\/#\/schema\/logo\/image\/"},"sameAs":["https:\/\/www.facebook.com\/mistrzowieimprez","https:\/\/www.instagram.com\/mistrzowieimprez\/","https:\/\/www.youtube.com\/@ytmistrzowieimprez"]}]}},"_links":{"self":[{"href":"https:\/\/mistrzowieimprez.pl\/en\/wp-json\/wp\/v2\/pages\/3291","targetHints":{"allow":["GET"]}}],"collection":[{"href":"https:\/\/mistrzowieimprez.pl\/en\/wp-json\/wp\/v2\/pages"}],"about":[{"href":"https:\/\/mistrzowieimprez.pl\/en\/wp-json\/wp\/v2\/types\/page"}],"author":[{"embeddable":true,"href":"https:\/\/mistrzowieimprez.pl\/en\/wp-json\/wp\/v2\/users\/9"}],"replies":[{"embeddable":true,"href":"https:\/\/mistrzowieimprez.pl\/en\/wp-json\/wp\/v2\/comments?post=3291"}],"version-history":[{"count":4,"href":"https:\/\/mistrzowieimprez.pl\/en\/wp-json\/wp\/v2\/pages\/3291\/revisions"}],"predecessor-version":[{"id":3345,"href":"https:\/\/mistrzowieimprez.pl\/en\/wp-json\/wp\/v2\/pages\/3291\/revisions\/3345"}],"up":[{"embeddable":true,"href":"https:\/\/mistrzowieimprez.pl\/en\/wp-json\/wp\/v2\/pages\/3162"}],"wp:attachment":[{"href":"https:\/\/mistrzowieimprez.pl\/en\/wp-json\/wp\/v2\/media?parent=3291"}],"curies":[{"name":"wp","href":"https:\/\/api.w.org\/{rel}","templated":true}]}}