{"id":3208,"date":"2025-08-05T08:35:04","date_gmt":"2025-08-05T08:35:04","guid":{"rendered":"https:\/\/mistrzowieimprez.pl\/?page_id=3208"},"modified":"2025-08-05T08:58:15","modified_gmt":"2025-08-05T08:58:15","slug":"h","status":"publish","type":"page","link":"https:\/\/mistrzowieimprez.pl\/en\/leksykon-mistrzow-imprez\/h\/","title":{"rendered":"H"},"content":{"rendered":"<div data-elementor-type=\"wp-page\" data-elementor-id=\"3208\" class=\"elementor elementor-3208\" data-elementor-post-type=\"page\">\n\t\t\t\t<div class=\"elementor-element elementor-element-21a7fd6c e-flex e-con-boxed elementor-invisible e-con e-parent\" data-id=\"21a7fd6c\" data-element_type=\"container\" data-e-type=\"container\" data-settings=\"{&quot;background_background&quot;:&quot;classic&quot;,&quot;animation&quot;:&quot;fadeIn&quot;}\">\n\t\t\t\t\t<div class=\"e-con-inner\">\n\t\t<div class=\"elementor-element elementor-element-6bc19e9f e-con-full e-flex e-con e-child\" data-id=\"6bc19e9f\" data-element_type=\"container\" data-e-type=\"container\">\n\t\t\t\t<div class=\"elementor-element elementor-element-f768de7 elementor-widget-laptop__width-inherit elementor-invisible elementor-widget elementor-widget-heading\" data-id=\"f768de7\" data-element_type=\"widget\" data-e-type=\"widget\" data-settings=\"{&quot;_animation&quot;:&quot;fadeInUp&quot;}\" data-widget_type=\"heading.default\">\n\t\t\t\t\t<p class=\"elementor-heading-title elementor-size-default\">H<\/p>\t\t\t\t<\/div>\n\t\t\t\t<\/div>\n\t\t\t\t\t<\/div>\n\t\t\t\t<\/div>\n\t\t<div class=\"elementor-element elementor-element-3972428a e-flex e-con-boxed elementor-invisible e-con e-parent\" data-id=\"3972428a\" data-element_type=\"container\" data-e-type=\"container\" data-settings=\"{&quot;background_background&quot;:&quot;classic&quot;,&quot;animation&quot;:&quot;fadeIn&quot;}\">\n\t\t\t\t\t<div class=\"e-con-inner\">\n\t\t<div class=\"elementor-element elementor-element-2008fec9 e-con-full e-flex elementor-invisible e-con e-child\" data-id=\"2008fec9\" data-element_type=\"container\" data-e-type=\"container\" data-settings=\"{&quot;animation&quot;:&quot;fadeInLeft&quot;}\">\n\t\t\t\t<div class=\"elementor-element elementor-element-3e5076f elementor-widget elementor-widget-image\" data-id=\"3e5076f\" data-element_type=\"widget\" data-e-type=\"widget\" data-widget_type=\"image.default\">\n\t\t\t\t\t\t\t\t\t\t\t\t\t\t\t<img fetchpriority=\"high\" decoding=\"async\" width=\"1274\" height=\"1582\" src=\"https:\/\/mistrzowieimprez.pl\/wp-content\/uploads\/2024\/09\/460006599_1245793729895377_8313930163460069070_n.jpg\" class=\"attachment-full size-full wp-image-1610\" alt=\"Organizacja imprez eventowych\" srcset=\"https:\/\/mistrzowieimprez.pl\/wp-content\/uploads\/2024\/09\/460006599_1245793729895377_8313930163460069070_n.jpg 1274w, https:\/\/mistrzowieimprez.pl\/wp-content\/uploads\/2024\/09\/460006599_1245793729895377_8313930163460069070_n-242x300.jpg 242w, https:\/\/mistrzowieimprez.pl\/wp-content\/uploads\/2024\/09\/460006599_1245793729895377_8313930163460069070_n-825x1024.jpg 825w, https:\/\/mistrzowieimprez.pl\/wp-content\/uploads\/2024\/09\/460006599_1245793729895377_8313930163460069070_n-768x954.jpg 768w, https:\/\/mistrzowieimprez.pl\/wp-content\/uploads\/2024\/09\/460006599_1245793729895377_8313930163460069070_n-1237x1536.jpg 1237w, https:\/\/mistrzowieimprez.pl\/wp-content\/uploads\/2024\/09\/460006599_1245793729895377_8313930163460069070_n-600x745.jpg 600w\" sizes=\"(max-width: 1274px) 100vw, 1274px\" \/>\t\t\t\t\t\t\t\t\t\t\t\t\t\t\t<\/div>\n\t\t\t\t<\/div>\n\t\t<div class=\"elementor-element elementor-element-7a5b7ca9 e-con-full e-flex e-con e-child\" data-id=\"7a5b7ca9\" data-element_type=\"container\" data-e-type=\"container\">\n\t\t\t\t<div class=\"elementor-element elementor-element-71e1308f elementor-invisible elementor-widget elementor-widget-heading\" data-id=\"71e1308f\" data-element_type=\"widget\" data-e-type=\"widget\" data-settings=\"{&quot;_animation&quot;:&quot;fadeInUp&quot;}\" data-widget_type=\"heading.default\">\n\t\t\t\t\t<h1 class=\"elementor-heading-title elementor-size-default\">H jak Hostessa eventowa\n<\/h1>\t\t\t\t<\/div>\n\t\t\t\t<div class=\"elementor-element elementor-element-4986ae2d elementor-invisible elementor-widget elementor-widget-text-editor\" data-id=\"4986ae2d\" data-element_type=\"widget\" data-e-type=\"widget\" data-settings=\"{&quot;_animation&quot;:&quot;fadeInUp&quot;}\" data-widget_type=\"text-editor.default\">\n\t\t\t\t\t\t\t\t\t<p data-start=\"151\" data-end=\"472\">Hostessa eventowa to nie tylko u\u015bmiech i elegancka prezencja \u2013 to osoba, kt\u00f3ra wita go\u015bci, wspiera logistyk\u0119 wydarzenia i dba o p\u0142ynny przebieg jego kluczowych moment\u00f3w. Cho\u0107 cz\u0119sto pozostaj\u0105 \u201ew tle\u201d, to w\u0142a\u015bnie hostessy i ho\u015bci tworz\u0105 pierwsze wra\u017cenie i s\u0105 nieocenionym wsparciem dla organizator\u00f3w i uczestnik\u00f3w eventu.<\/p><p data-start=\"474\" data-end=\"1042\">W Mistrzach Imprez doskonale wiemy, jak wa\u017cna jest odpowiednia obs\u0142uga personalna. Nasze hostessy to osoby z do\u015bwiadczeniem w pracy przy <a class=\"cursor-pointer\" target=\"_new\" rel=\"noopener\" data-start=\"611\" data-end=\"672\">galach firmowych<\/a>, konferencjach, <a class=\"cursor-pointer\" target=\"_new\" rel=\"noopener\" data-start=\"689\" data-end=\"765\">eventach promocyjnych<\/a>, premierach produkt\u00f3w, a tak\u017ce <a class=\"cursor-pointer\" target=\"_new\" rel=\"noopener\" data-start=\"797\" data-end=\"863\">piknikach firmowych<\/a>. Ich zadania obejmuj\u0105 nie tylko rejestracj\u0119 uczestnik\u00f3w, rozdawanie materia\u0142\u00f3w czy informowanie go\u015bci, ale r\u00f3wnie\u017c aktywne wspieranie atrakcji oraz animowanie stref partnerskich.<\/p><p data-start=\"1044\" data-end=\"1329\">Dobrze dobrana hostessa zna program wydarzenia, orientuje si\u0119 w uk\u0142adzie przestrzennym, potrafi zareagowa\u0107 na bie\u017c\u0105ce sytuacje i s\u0142u\u017cy pomoc\u0105 \u2013 zawsze z u\u015bmiechem i profesjonalizmem. To r\u00f3wnie\u017c \u201eambasadorka\u201d marki \u2013 jej spos\u00f3b komunikacji i styl dzia\u0142ania odzwierciedla warto\u015bci firmy.<\/p><p data-start=\"1331\" data-end=\"1673\">W naszej bazie znajduj\u0105 si\u0119 osoby o r\u00f3\u017cnych profilach \u2013 od eleganckich hostess na wieczorne gale, przez dynamiczne animatorki na eventy rodzinne, a\u017c po osoby ze znajomo\u015bci\u0105 j\u0119zyk\u00f3w obcych, idealne na wydarzenia mi\u0119dzynarodowe. Wsp\u00f3\u0142pracujemy wy\u0142\u0105cznie z profesjonalistami, kt\u00f3rzy przechodz\u0105 odpowiednie przeszkolenie przed ka\u017cdym wydarzeniem.<\/p><p data-start=\"1675\" data-end=\"1944\">Hostessa eventowa to tak\u017ce element estetyki wydarzenia \u2013 mo\u017ce by\u0107 ubrana zgodnie z brandingiem firmy, kolorystyk\u0105 eventu lub tematem przewodnim. Od jednolitych sukienek, przez eleganckie stroje biurowe, a\u017c po kreatywne kostiumy \u2013 wszystko dopasowujemy do stylu imprezy.<\/p><p data-start=\"1946\" data-end=\"2109\">Wydarzenie, w kt\u00f3rym uczestnicy czuj\u0105 si\u0119 \u201ezaopiekowani\u201d od pierwszej minuty, zapada w pami\u0119\u0107 i buduje pozytywne do\u015bwiadczenie marki. A hostessy s\u0105 w tym kluczowe.<\/p><p data-start=\"2116\" data-end=\"2195\"><strong data-start=\"2116\" data-end=\"2195\">Zobacz te\u017c inne wpisy, kt\u00f3re rozwijaj\u0105 temat organizacji i obs\u0142ugi event\u00f3w:<\/strong><\/p><p data-start=\"2197\" data-end=\"2572\">\u2013 <strong data-start=\"2199\" data-end=\"2290\"><a class=\"cursor-pointer\" target=\"_new\" rel=\"noopener\" data-start=\"2201\" data-end=\"2288\">L jak Logistyka wydarzenia<\/a><\/strong><br data-start=\"2290\" data-end=\"2293\" \/>\u2013 <strong data-start=\"2295\" data-end=\"2390\"><a class=\"cursor-pointer\" target=\"_new\" rel=\"noopener\" data-start=\"2297\" data-end=\"2388\">O jak Obs\u0142uga techniczna imprezy<\/a><\/strong><br data-start=\"2390\" data-end=\"2393\" \/>\u2013 <strong data-start=\"2395\" data-end=\"2480\"><a class=\"cursor-pointer\" target=\"_new\" rel=\"noopener\" data-start=\"2397\" data-end=\"2478\">C jak Catering eventowy<\/a><\/strong><br data-start=\"2480\" data-end=\"2483\" \/>\u2013 <strong data-start=\"2485\" data-end=\"2570\"><a class=\"cursor-pointer\" target=\"_new\" rel=\"noopener\" data-start=\"2487\" data-end=\"2568\">J jak Jubileusz firmowy<\/a><\/strong><\/p><p data-start=\"2579\" data-end=\"2657\"><a class=\"\" href=\"http:\/\/mistrzowieimprez.pl\/leksykon-mistrzow-imprez\/\" target=\"_new\" rel=\"noopener\" data-start=\"2582\" data-end=\"2657\">Powr\u00f3t do leksykonu<\/a><\/p>\t\t\t\t\t\t\t\t<\/div>\n\t\t\t\t<\/div>\n\t\t\t\t\t<\/div>\n\t\t\t\t<\/div>\n\t\t\t\t<\/div>","protected":false},"excerpt":{"rendered":"<p>H jak Hostessa eventowa Hostessa eventowa to nie tylko u\u015bmiech i elegancka prezencja \u2013 to osoba, kt\u00f3ra wita go\u015bci, wspiera logistyk\u0119 wydarzenia i dba o p\u0142ynny przebieg jego kluczowych moment\u00f3w. Cho\u0107 cz\u0119sto pozostaj\u0105 \u201ew tle\u201d, to w\u0142a\u015bnie hostessy i ho\u015bci tworz\u0105 pierwsze wra\u017cenie i s\u0105 nieocenionym wsparciem dla organizator\u00f3w i uczestnik\u00f3w eventu. W Mistrzach Imprez [&hellip;]<\/p>\n","protected":false},"author":9,"featured_media":0,"parent":3162,"menu_order":0,"comment_status":"closed","ping_status":"closed","template":"elementor_header_footer","meta":{"_acf_changed":false,"footnotes":""},"class_list":["post-3208","page","type-page","status-publish","hentry"],"acf":[],"yoast_head":"<!-- This site is optimized with the Yoast SEO plugin v27.5 - https:\/\/yoast.com\/product\/yoast-seo-wordpress\/ -->\n<title>- Mistrzowie Imprez<\/title>\n<meta name=\"robots\" content=\"index, follow, max-snippet:-1, max-image-preview:large, max-video-preview:-1\" \/>\n<link rel=\"canonical\" href=\"https:\/\/mistrzowieimprez.pl\/en\/leksykon-mistrzow-imprez\/h\/\" \/>\n<meta property=\"og:locale\" content=\"en_GB\" \/>\n<meta property=\"og:type\" content=\"article\" \/>\n<meta property=\"og:title\" content=\"- Mistrzowie Imprez\" \/>\n<meta property=\"og:description\" content=\"H jak Hostessa eventowa Hostessa eventowa to nie tylko u\u015bmiech i elegancka prezencja \u2013 to osoba, kt\u00f3ra wita go\u015bci, wspiera logistyk\u0119 wydarzenia i dba o p\u0142ynny przebieg jego kluczowych moment\u00f3w. Cho\u0107 cz\u0119sto pozostaj\u0105 \u201ew tle\u201d, to w\u0142a\u015bnie hostessy i ho\u015bci tworz\u0105 pierwsze wra\u017cenie i s\u0105 nieocenionym wsparciem dla organizator\u00f3w i uczestnik\u00f3w eventu. W Mistrzach Imprez [&hellip;]\" \/>\n<meta property=\"og:url\" content=\"https:\/\/mistrzowieimprez.pl\/en\/leksykon-mistrzow-imprez\/h\/\" \/>\n<meta property=\"og:site_name\" content=\"Mistrzowie Imprez\" \/>\n<meta property=\"article:publisher\" content=\"https:\/\/www.facebook.com\/mistrzowieimprez\" \/>\n<meta property=\"article:modified_time\" content=\"2025-08-05T08:58:15+00:00\" \/>\n<meta property=\"og:image\" content=\"https:\/\/mistrzowieimprez.pl\/wp-content\/uploads\/2024\/09\/460006599_1245793729895377_8313930163460069070_n.jpg\" \/>\n\t<meta property=\"og:image:width\" content=\"1274\" \/>\n\t<meta property=\"og:image:height\" content=\"1582\" \/>\n\t<meta property=\"og:image:type\" content=\"image\/jpeg\" \/>\n<meta name=\"twitter:card\" content=\"summary_large_image\" \/>\n<meta name=\"twitter:label1\" content=\"Estimated reading time\" \/>\n\t<meta name=\"twitter:data1\" content=\"2 minutes\" \/>\n<script type=\"application\/ld+json\" class=\"yoast-schema-graph\">{\"@context\":\"https:\\\/\\\/schema.org\",\"@graph\":[{\"@type\":\"WebPage\",\"@id\":\"https:\\\/\\\/mistrzowieimprez.pl\\\/leksykon-mistrzow-imprez\\\/h\\\/\",\"url\":\"https:\\\/\\\/mistrzowieimprez.pl\\\/leksykon-mistrzow-imprez\\\/h\\\/\",\"name\":\"- Mistrzowie Imprez\",\"isPartOf\":{\"@id\":\"https:\\\/\\\/mistrzowieimprez.pl\\\/#website\"},\"primaryImageOfPage\":{\"@id\":\"https:\\\/\\\/mistrzowieimprez.pl\\\/leksykon-mistrzow-imprez\\\/h\\\/#primaryimage\"},\"image\":{\"@id\":\"https:\\\/\\\/mistrzowieimprez.pl\\\/leksykon-mistrzow-imprez\\\/h\\\/#primaryimage\"},\"thumbnailUrl\":\"https:\\\/\\\/mistrzowieimprez.pl\\\/wp-content\\\/uploads\\\/2024\\\/09\\\/460006599_1245793729895377_8313930163460069070_n.jpg\",\"datePublished\":\"2025-08-05T08:35:04+00:00\",\"dateModified\":\"2025-08-05T08:58:15+00:00\",\"breadcrumb\":{\"@id\":\"https:\\\/\\\/mistrzowieimprez.pl\\\/leksykon-mistrzow-imprez\\\/h\\\/#breadcrumb\"},\"inLanguage\":\"en-GB\",\"potentialAction\":[{\"@type\":\"ReadAction\",\"target\":[\"https:\\\/\\\/mistrzowieimprez.pl\\\/leksykon-mistrzow-imprez\\\/h\\\/\"]}]},{\"@type\":\"ImageObject\",\"inLanguage\":\"en-GB\",\"@id\":\"https:\\\/\\\/mistrzowieimprez.pl\\\/leksykon-mistrzow-imprez\\\/h\\\/#primaryimage\",\"url\":\"https:\\\/\\\/mistrzowieimprez.pl\\\/wp-content\\\/uploads\\\/2024\\\/09\\\/460006599_1245793729895377_8313930163460069070_n.jpg\",\"contentUrl\":\"https:\\\/\\\/mistrzowieimprez.pl\\\/wp-content\\\/uploads\\\/2024\\\/09\\\/460006599_1245793729895377_8313930163460069070_n.jpg\"},{\"@type\":\"BreadcrumbList\",\"@id\":\"https:\\\/\\\/mistrzowieimprez.pl\\\/leksykon-mistrzow-imprez\\\/h\\\/#breadcrumb\",\"itemListElement\":[{\"@type\":\"ListItem\",\"position\":1,\"name\":\"Strona g\u0142\u00f3wna\",\"item\":\"https:\\\/\\\/mistrzowieimprez.pl\\\/\"},{\"@type\":\"ListItem\",\"position\":2,\"name\":\"Leksykon mistrz\u00f3w imprez\",\"item\":\"https:\\\/\\\/mistrzowieimprez.pl\\\/leksykon-mistrzow-imprez\\\/\"},{\"@type\":\"ListItem\",\"position\":3,\"name\":\"H\"}]},{\"@type\":\"WebSite\",\"@id\":\"https:\\\/\\\/mistrzowieimprez.pl\\\/#website\",\"url\":\"https:\\\/\\\/mistrzowieimprez.pl\\\/\",\"name\":\"Mistrzowie Imprez\",\"description\":\"Kompleksowa organizacja imprez\",\"publisher\":{\"@id\":\"https:\\\/\\\/mistrzowieimprez.pl\\\/#organization\"},\"potentialAction\":[{\"@type\":\"SearchAction\",\"target\":{\"@type\":\"EntryPoint\",\"urlTemplate\":\"https:\\\/\\\/mistrzowieimprez.pl\\\/?s={search_term_string}\"},\"query-input\":{\"@type\":\"PropertyValueSpecification\",\"valueRequired\":true,\"valueName\":\"search_term_string\"}}],\"inLanguage\":\"en-GB\"},{\"@type\":\"Organization\",\"@id\":\"https:\\\/\\\/mistrzowieimprez.pl\\\/#organization\",\"name\":\"Mistrzowie Imprez\",\"url\":\"https:\\\/\\\/mistrzowieimprez.pl\\\/\",\"logo\":{\"@type\":\"ImageObject\",\"inLanguage\":\"en-GB\",\"@id\":\"https:\\\/\\\/mistrzowieimprez.pl\\\/#\\\/schema\\\/logo\\\/image\\\/\",\"url\":\"https:\\\/\\\/mistrzowieimprez.pl\\\/wp-content\\\/uploads\\\/2024\\\/08\\\/mistrzowie_imprez_logo_ciemne-tlo@4x.png\",\"contentUrl\":\"https:\\\/\\\/mistrzowieimprez.pl\\\/wp-content\\\/uploads\\\/2024\\\/08\\\/mistrzowie_imprez_logo_ciemne-tlo@4x.png\",\"width\":1318,\"height\":351,\"caption\":\"Mistrzowie Imprez\"},\"image\":{\"@id\":\"https:\\\/\\\/mistrzowieimprez.pl\\\/#\\\/schema\\\/logo\\\/image\\\/\"},\"sameAs\":[\"https:\\\/\\\/www.facebook.com\\\/mistrzowieimprez\",\"https:\\\/\\\/www.instagram.com\\\/mistrzowieimprez\\\/\",\"https:\\\/\\\/www.youtube.com\\\/@ytmistrzowieimprez\"]}]}<\/script>\n<!-- \/ Yoast SEO plugin. -->","yoast_head_json":{"title":"- Mistrzowie Imprez","robots":{"index":"index","follow":"follow","max-snippet":"max-snippet:-1","max-image-preview":"max-image-preview:large","max-video-preview":"max-video-preview:-1"},"canonical":"https:\/\/mistrzowieimprez.pl\/en\/leksykon-mistrzow-imprez\/h\/","og_locale":"en_GB","og_type":"article","og_title":"- Mistrzowie Imprez","og_description":"H jak Hostessa eventowa Hostessa eventowa to nie tylko u\u015bmiech i elegancka prezencja \u2013 to osoba, kt\u00f3ra wita go\u015bci, wspiera logistyk\u0119 wydarzenia i dba o p\u0142ynny przebieg jego kluczowych moment\u00f3w. Cho\u0107 cz\u0119sto pozostaj\u0105 \u201ew tle\u201d, to w\u0142a\u015bnie hostessy i ho\u015bci tworz\u0105 pierwsze wra\u017cenie i s\u0105 nieocenionym wsparciem dla organizator\u00f3w i uczestnik\u00f3w eventu. W Mistrzach Imprez [&hellip;]","og_url":"https:\/\/mistrzowieimprez.pl\/en\/leksykon-mistrzow-imprez\/h\/","og_site_name":"Mistrzowie Imprez","article_publisher":"https:\/\/www.facebook.com\/mistrzowieimprez","article_modified_time":"2025-08-05T08:58:15+00:00","og_image":[{"width":1274,"height":1582,"url":"https:\/\/mistrzowieimprez.pl\/wp-content\/uploads\/2024\/09\/460006599_1245793729895377_8313930163460069070_n.jpg","type":"image\/jpeg"}],"twitter_card":"summary_large_image","twitter_misc":{"Estimated reading time":"2 minutes"},"schema":{"@context":"https:\/\/schema.org","@graph":[{"@type":"WebPage","@id":"https:\/\/mistrzowieimprez.pl\/leksykon-mistrzow-imprez\/h\/","url":"https:\/\/mistrzowieimprez.pl\/leksykon-mistrzow-imprez\/h\/","name":"- Mistrzowie Imprez","isPartOf":{"@id":"https:\/\/mistrzowieimprez.pl\/#website"},"primaryImageOfPage":{"@id":"https:\/\/mistrzowieimprez.pl\/leksykon-mistrzow-imprez\/h\/#primaryimage"},"image":{"@id":"https:\/\/mistrzowieimprez.pl\/leksykon-mistrzow-imprez\/h\/#primaryimage"},"thumbnailUrl":"https:\/\/mistrzowieimprez.pl\/wp-content\/uploads\/2024\/09\/460006599_1245793729895377_8313930163460069070_n.jpg","datePublished":"2025-08-05T08:35:04+00:00","dateModified":"2025-08-05T08:58:15+00:00","breadcrumb":{"@id":"https:\/\/mistrzowieimprez.pl\/leksykon-mistrzow-imprez\/h\/#breadcrumb"},"inLanguage":"en-GB","potentialAction":[{"@type":"ReadAction","target":["https:\/\/mistrzowieimprez.pl\/leksykon-mistrzow-imprez\/h\/"]}]},{"@type":"ImageObject","inLanguage":"en-GB","@id":"https:\/\/mistrzowieimprez.pl\/leksykon-mistrzow-imprez\/h\/#primaryimage","url":"https:\/\/mistrzowieimprez.pl\/wp-content\/uploads\/2024\/09\/460006599_1245793729895377_8313930163460069070_n.jpg","contentUrl":"https:\/\/mistrzowieimprez.pl\/wp-content\/uploads\/2024\/09\/460006599_1245793729895377_8313930163460069070_n.jpg"},{"@type":"BreadcrumbList","@id":"https:\/\/mistrzowieimprez.pl\/leksykon-mistrzow-imprez\/h\/#breadcrumb","itemListElement":[{"@type":"ListItem","position":1,"name":"Strona g\u0142\u00f3wna","item":"https:\/\/mistrzowieimprez.pl\/"},{"@type":"ListItem","position":2,"name":"Leksykon mistrz\u00f3w imprez","item":"https:\/\/mistrzowieimprez.pl\/leksykon-mistrzow-imprez\/"},{"@type":"ListItem","position":3,"name":"H"}]},{"@type":"WebSite","@id":"https:\/\/mistrzowieimprez.pl\/#website","url":"https:\/\/mistrzowieimprez.pl\/","name":"Mistrzowie Imprez","description":"Kompleksowa organizacja imprez","publisher":{"@id":"https:\/\/mistrzowieimprez.pl\/#organization"},"potentialAction":[{"@type":"SearchAction","target":{"@type":"EntryPoint","urlTemplate":"https:\/\/mistrzowieimprez.pl\/?s={search_term_string}"},"query-input":{"@type":"PropertyValueSpecification","valueRequired":true,"valueName":"search_term_string"}}],"inLanguage":"en-GB"},{"@type":"Organization","@id":"https:\/\/mistrzowieimprez.pl\/#organization","name":"Mistrzowie Imprez","url":"https:\/\/mistrzowieimprez.pl\/","logo":{"@type":"ImageObject","inLanguage":"en-GB","@id":"https:\/\/mistrzowieimprez.pl\/#\/schema\/logo\/image\/","url":"https:\/\/mistrzowieimprez.pl\/wp-content\/uploads\/2024\/08\/mistrzowie_imprez_logo_ciemne-tlo@4x.png","contentUrl":"https:\/\/mistrzowieimprez.pl\/wp-content\/uploads\/2024\/08\/mistrzowie_imprez_logo_ciemne-tlo@4x.png","width":1318,"height":351,"caption":"Mistrzowie Imprez"},"image":{"@id":"https:\/\/mistrzowieimprez.pl\/#\/schema\/logo\/image\/"},"sameAs":["https:\/\/www.facebook.com\/mistrzowieimprez","https:\/\/www.instagram.com\/mistrzowieimprez\/","https:\/\/www.youtube.com\/@ytmistrzowieimprez"]}]}},"_links":{"self":[{"href":"https:\/\/mistrzowieimprez.pl\/en\/wp-json\/wp\/v2\/pages\/3208","targetHints":{"allow":["GET"]}}],"collection":[{"href":"https:\/\/mistrzowieimprez.pl\/en\/wp-json\/wp\/v2\/pages"}],"about":[{"href":"https:\/\/mistrzowieimprez.pl\/en\/wp-json\/wp\/v2\/types\/page"}],"author":[{"embeddable":true,"href":"https:\/\/mistrzowieimprez.pl\/en\/wp-json\/wp\/v2\/users\/9"}],"replies":[{"embeddable":true,"href":"https:\/\/mistrzowieimprez.pl\/en\/wp-json\/wp\/v2\/comments?post=3208"}],"version-history":[{"count":7,"href":"https:\/\/mistrzowieimprez.pl\/en\/wp-json\/wp\/v2\/pages\/3208\/revisions"}],"predecessor-version":[{"id":3269,"href":"https:\/\/mistrzowieimprez.pl\/en\/wp-json\/wp\/v2\/pages\/3208\/revisions\/3269"}],"up":[{"embeddable":true,"href":"https:\/\/mistrzowieimprez.pl\/en\/wp-json\/wp\/v2\/pages\/3162"}],"wp:attachment":[{"href":"https:\/\/mistrzowieimprez.pl\/en\/wp-json\/wp\/v2\/media?parent=3208"}],"curies":[{"name":"wp","href":"https:\/\/api.w.org\/{rel}","templated":true}]}}