{"id":3206,"date":"2025-08-05T08:34:16","date_gmt":"2025-08-05T08:34:16","guid":{"rendered":"https:\/\/mistrzowieimprez.pl\/?page_id=3206"},"modified":"2025-08-05T08:57:33","modified_gmt":"2025-08-05T08:57:33","slug":"f","status":"publish","type":"page","link":"https:\/\/mistrzowieimprez.pl\/en\/leksykon-mistrzow-imprez\/f\/","title":{"rendered":"F"},"content":{"rendered":"<div data-elementor-type=\"wp-page\" data-elementor-id=\"3206\" class=\"elementor elementor-3206\" data-elementor-post-type=\"page\">\n\t\t\t\t<div class=\"elementor-element elementor-element-21a7fd6c e-flex e-con-boxed elementor-invisible e-con e-parent\" data-id=\"21a7fd6c\" data-element_type=\"container\" data-e-type=\"container\" data-settings=\"{&quot;background_background&quot;:&quot;classic&quot;,&quot;animation&quot;:&quot;fadeIn&quot;}\">\n\t\t\t\t\t<div class=\"e-con-inner\">\n\t\t<div class=\"elementor-element elementor-element-6bc19e9f e-con-full e-flex e-con e-child\" data-id=\"6bc19e9f\" data-element_type=\"container\" data-e-type=\"container\">\n\t\t\t\t<div class=\"elementor-element elementor-element-f768de7 elementor-widget-laptop__width-inherit elementor-invisible elementor-widget elementor-widget-heading\" data-id=\"f768de7\" data-element_type=\"widget\" data-e-type=\"widget\" data-settings=\"{&quot;_animation&quot;:&quot;fadeInUp&quot;}\" data-widget_type=\"heading.default\">\n\t\t\t\t\t<p class=\"elementor-heading-title elementor-size-default\">F<\/p>\t\t\t\t<\/div>\n\t\t\t\t<\/div>\n\t\t\t\t\t<\/div>\n\t\t\t\t<\/div>\n\t\t<div class=\"elementor-element elementor-element-3972428a e-flex e-con-boxed elementor-invisible e-con e-parent\" data-id=\"3972428a\" data-element_type=\"container\" data-e-type=\"container\" data-settings=\"{&quot;background_background&quot;:&quot;classic&quot;,&quot;animation&quot;:&quot;fadeIn&quot;}\">\n\t\t\t\t\t<div class=\"e-con-inner\">\n\t\t<div class=\"elementor-element elementor-element-2008fec9 e-con-full e-flex elementor-invisible e-con e-child\" data-id=\"2008fec9\" data-element_type=\"container\" data-e-type=\"container\" data-settings=\"{&quot;animation&quot;:&quot;fadeInLeft&quot;}\">\n\t\t\t\t<div class=\"elementor-element elementor-element-3e5076f elementor-widget elementor-widget-image\" data-id=\"3e5076f\" data-element_type=\"widget\" data-e-type=\"widget\" data-widget_type=\"image.default\">\n\t\t\t\t\t\t\t\t\t\t\t\t\t\t\t<img fetchpriority=\"high\" decoding=\"async\" width=\"1920\" height=\"1280\" src=\"https:\/\/mistrzowieimprez.pl\/wp-content\/uploads\/2024\/09\/kreatyw-media_113.jpg\" class=\"attachment-full size-full wp-image-1545\" alt=\"Organizacja event\u00f3w firmowych to wyzwanie, kt\u00f3re wymaga do\u015bwiadczenia, umiej\u0119tno\u015bci organizacyjnych i kreatywno\u015bci.\" srcset=\"https:\/\/mistrzowieimprez.pl\/wp-content\/uploads\/2024\/09\/kreatyw-media_113.jpg 1920w, https:\/\/mistrzowieimprez.pl\/wp-content\/uploads\/2024\/09\/kreatyw-media_113-300x200.jpg 300w, https:\/\/mistrzowieimprez.pl\/wp-content\/uploads\/2024\/09\/kreatyw-media_113-1024x683.jpg 1024w, https:\/\/mistrzowieimprez.pl\/wp-content\/uploads\/2024\/09\/kreatyw-media_113-768x512.jpg 768w, https:\/\/mistrzowieimprez.pl\/wp-content\/uploads\/2024\/09\/kreatyw-media_113-1536x1024.jpg 1536w, https:\/\/mistrzowieimprez.pl\/wp-content\/uploads\/2024\/09\/kreatyw-media_113-600x400.jpg 600w\" sizes=\"(max-width: 1920px) 100vw, 1920px\" \/>\t\t\t\t\t\t\t\t\t\t\t\t\t\t\t<\/div>\n\t\t\t\t<\/div>\n\t\t<div class=\"elementor-element elementor-element-7a5b7ca9 e-con-full e-flex e-con e-child\" data-id=\"7a5b7ca9\" data-element_type=\"container\" data-e-type=\"container\">\n\t\t\t\t<div class=\"elementor-element elementor-element-71e1308f elementor-invisible elementor-widget elementor-widget-heading\" data-id=\"71e1308f\" data-element_type=\"widget\" data-e-type=\"widget\" data-settings=\"{&quot;_animation&quot;:&quot;fadeInUp&quot;}\" data-widget_type=\"heading.default\">\n\t\t\t\t\t<h1 class=\"elementor-heading-title elementor-size-default\">F jak Festyn firmowy\n<\/h1>\t\t\t\t<\/div>\n\t\t\t\t<div class=\"elementor-element elementor-element-4986ae2d elementor-invisible elementor-widget elementor-widget-text-editor\" data-id=\"4986ae2d\" data-element_type=\"widget\" data-e-type=\"widget\" data-settings=\"{&quot;_animation&quot;:&quot;fadeInUp&quot;}\" data-widget_type=\"text-editor.default\">\n\t\t\t\t\t\t\t\t\t<p data-start=\"131\" data-end=\"533\">Festyn firmowy to wydarzenie, kt\u00f3re \u0142\u0105czy w sobie lu\u017an\u0105 atmosfer\u0119 pikniku z przemy\u015blan\u0105 strategi\u0105 integracyjn\u0105 i wizerunkow\u0105. To czas, kiedy pracownicy, ich rodziny i bliscy mog\u0105 sp\u0119dzi\u0107 wsp\u00f3lnie dzie\u0144 pe\u0142en zabawy, emocji i relaksu \u2013 a firma ma okazj\u0119 pokaza\u0107 swoje \u201eludzkie\u201d oblicze. W Mistrzach Imprez traktujemy festyny jako doskona\u0142\u0105 okazj\u0119 do budowania kultury organizacyjnej i relacji w zespole.<\/p><p data-start=\"535\" data-end=\"930\">Organizacja festynu to zadanie wieloetapowe. Kluczem jest przemy\u015blana koncepcja \u2013 od <a class=\"cursor-pointer\" target=\"_new\" rel=\"noopener\" data-start=\"620\" data-end=\"685\">wyboru lokalizacji<\/a>, przez dob\u00f3r atrakcji i stref tematycznych, po zapewnienie infrastruktury i bezpiecze\u0144stwa. Nasz zesp\u00f3\u0142 od ponad 25 lat realizuje festyny dla firm z r\u00f3\u017cnych bran\u017c \u2013 wiemy, jak dopasowa\u0107 wydarzenie do grupy odbiorc\u00f3w, pory roku, a nawet\u2026 pogody.<\/p><p data-start=\"932\" data-end=\"1341\">Na festynie kr\u00f3luj\u0105 klasyczne atrakcje plenerowe: dmucha\u0144ce, zje\u017cd\u017calnie, tor przeszk\u00f3d, eurobungee, <a class=\"cursor-pointer\" target=\"_new\" rel=\"noopener\" data-start=\"1033\" data-end=\"1087\">Bumper Ball<\/a>, czy strefy z animacjami dla dzieci. Nie brakuje r\u00f3wnie\u017c aktywno\u015bci dla doros\u0142ych \u2013 konkurs\u00f3w, pokaz\u00f3w artystycznych, <a class=\"cursor-pointer\" target=\"_new\" rel=\"noopener\" data-start=\"1206\" data-end=\"1261\">wyst\u0119p\u00f3w DJ-\u00f3w<\/a>, koncert\u00f3w czy zawod\u00f3w sportowych. Dbamy o to, by ka\u017cdy znalaz\u0142 co\u015b dla siebie.<\/p><p data-start=\"1343\" data-end=\"1606\">Oferujemy r\u00f3wnie\u017c kompleksowy <a class=\"cursor-pointer\" target=\"_new\" rel=\"noopener\" data-start=\"1373\" data-end=\"1430\">catering eventowy<\/a>, strefy chillout z le\u017cakami i kawiarni\u0105, warsztaty tematyczne, a nawet mobilne punkty medyczne czy fotobudki. Wszystko po to, by uczestnicy czuli si\u0119 komfortowo i bezpiecznie.<\/p><p data-start=\"1608\" data-end=\"1885\">Festyny firmowe \u015bwietnie sprawdzaj\u0105 si\u0119 jako forma podzi\u0119kowania pracownikom i ich rodzinom, celebracja jubileuszu firmy, zako\u0144czenie sezonu lub jako wydarzenie towarzysz\u0105ce wi\u0119kszym projektom, takim jak <a class=\"cursor-pointer\" target=\"_new\" rel=\"noopener\" data-start=\"1812\" data-end=\"1868\">konferencje<\/a> czy dni otwarte.<\/p><p data-start=\"1887\" data-end=\"2074\">Dobrze zorganizowany festyn to r\u00f3wnie\u017c pot\u0119\u017cne narz\u0119dzie employer brandingowe \u2013 wzmacnia pozytywne skojarzenia z mark\u0105, buduje lojalno\u015b\u0107 i pokazuje, \u017ce firmie naprawd\u0119 zale\u017cy na ludziach.<\/p><p data-start=\"2081\" data-end=\"2154\"><strong data-start=\"2081\" data-end=\"2154\">Chcesz dowiedzie\u0107 si\u0119 wi\u0119cej o wydarzeniach w plenerze? Zobacz tak\u017ce:<\/strong><\/p><p data-start=\"2156\" data-end=\"2497\">\u2013 <strong data-start=\"2158\" data-end=\"2237\"><a class=\"cursor-pointer\" target=\"_new\" rel=\"noopener\" data-start=\"2160\" data-end=\"2235\">P jak Piknik firmowy<\/a><\/strong><br data-start=\"2237\" data-end=\"2240\" \/>\u2013 <strong data-start=\"2242\" data-end=\"2327\"><a class=\"cursor-pointer\" target=\"_new\" rel=\"noopener\" data-start=\"2244\" data-end=\"2325\">C jak Catering eventowy<\/a><\/strong><br data-start=\"2327\" data-end=\"2330\" \/>\u2013 <strong data-start=\"2332\" data-end=\"2405\"><a class=\"cursor-pointer\" target=\"_new\" rel=\"noopener\" data-start=\"2334\" data-end=\"2403\">B jak Bumper Ball<\/a><\/strong><br data-start=\"2405\" data-end=\"2408\" \/>\u2013 <strong data-start=\"2410\" data-end=\"2495\"><a class=\"cursor-pointer\" target=\"_new\" rel=\"noopener\" data-start=\"2412\" data-end=\"2493\">H jak Hostessa eventowa<\/a><\/strong><\/p><p data-start=\"2504\" data-end=\"2582\"><a class=\"\" href=\"http:\/\/mistrzowieimprez.pl\/leksykon-mistrzow-imprez\/\" target=\"_new\" rel=\"noopener\" data-start=\"2507\" data-end=\"2582\">Powr\u00f3t do leksykonu<\/a><\/p>\t\t\t\t\t\t\t\t<\/div>\n\t\t\t\t<\/div>\n\t\t\t\t\t<\/div>\n\t\t\t\t<\/div>\n\t\t\t\t<\/div>","protected":false},"excerpt":{"rendered":"<p>F jak Festyn firmowy Festyn firmowy to wydarzenie, kt\u00f3re \u0142\u0105czy w sobie lu\u017an\u0105 atmosfer\u0119 pikniku z przemy\u015blan\u0105 strategi\u0105 integracyjn\u0105 i wizerunkow\u0105. To czas, kiedy pracownicy, ich rodziny i bliscy mog\u0105 sp\u0119dzi\u0107 wsp\u00f3lnie dzie\u0144 pe\u0142en zabawy, emocji i relaksu \u2013 a firma ma okazj\u0119 pokaza\u0107 swoje \u201eludzkie\u201d oblicze. W Mistrzach Imprez traktujemy festyny jako doskona\u0142\u0105 okazj\u0119 [&hellip;]<\/p>\n","protected":false},"author":9,"featured_media":0,"parent":3162,"menu_order":0,"comment_status":"closed","ping_status":"closed","template":"elementor_header_footer","meta":{"_acf_changed":false,"footnotes":""},"class_list":["post-3206","page","type-page","status-publish","hentry"],"acf":[],"yoast_head":"<!-- This site is optimized with the Yoast SEO plugin v27.5 - https:\/\/yoast.com\/product\/yoast-seo-wordpress\/ -->\n<title>- Mistrzowie Imprez<\/title>\n<meta name=\"robots\" content=\"index, follow, max-snippet:-1, max-image-preview:large, max-video-preview:-1\" \/>\n<link rel=\"canonical\" href=\"https:\/\/mistrzowieimprez.pl\/en\/leksykon-mistrzow-imprez\/f\/\" \/>\n<meta property=\"og:locale\" content=\"en_GB\" \/>\n<meta property=\"og:type\" content=\"article\" \/>\n<meta property=\"og:title\" content=\"- Mistrzowie Imprez\" \/>\n<meta property=\"og:description\" content=\"F jak Festyn firmowy Festyn firmowy to wydarzenie, kt\u00f3re \u0142\u0105czy w sobie lu\u017an\u0105 atmosfer\u0119 pikniku z przemy\u015blan\u0105 strategi\u0105 integracyjn\u0105 i wizerunkow\u0105. To czas, kiedy pracownicy, ich rodziny i bliscy mog\u0105 sp\u0119dzi\u0107 wsp\u00f3lnie dzie\u0144 pe\u0142en zabawy, emocji i relaksu \u2013 a firma ma okazj\u0119 pokaza\u0107 swoje \u201eludzkie\u201d oblicze. W Mistrzach Imprez traktujemy festyny jako doskona\u0142\u0105 okazj\u0119 [&hellip;]\" \/>\n<meta property=\"og:url\" content=\"https:\/\/mistrzowieimprez.pl\/en\/leksykon-mistrzow-imprez\/f\/\" \/>\n<meta property=\"og:site_name\" content=\"Mistrzowie Imprez\" \/>\n<meta property=\"article:publisher\" content=\"https:\/\/www.facebook.com\/mistrzowieimprez\" \/>\n<meta property=\"article:modified_time\" content=\"2025-08-05T08:57:33+00:00\" \/>\n<meta property=\"og:image\" content=\"https:\/\/mistrzowieimprez.pl\/wp-content\/uploads\/2024\/09\/kreatyw-media_113.jpg\" \/>\n\t<meta property=\"og:image:width\" content=\"1920\" \/>\n\t<meta property=\"og:image:height\" content=\"1280\" \/>\n\t<meta property=\"og:image:type\" content=\"image\/jpeg\" \/>\n<meta name=\"twitter:card\" content=\"summary_large_image\" \/>\n<meta name=\"twitter:label1\" content=\"Estimated reading time\" \/>\n\t<meta name=\"twitter:data1\" content=\"2 minutes\" \/>\n<script type=\"application\/ld+json\" class=\"yoast-schema-graph\">{\"@context\":\"https:\\\/\\\/schema.org\",\"@graph\":[{\"@type\":\"WebPage\",\"@id\":\"https:\\\/\\\/mistrzowieimprez.pl\\\/leksykon-mistrzow-imprez\\\/f\\\/\",\"url\":\"https:\\\/\\\/mistrzowieimprez.pl\\\/leksykon-mistrzow-imprez\\\/f\\\/\",\"name\":\"- Mistrzowie Imprez\",\"isPartOf\":{\"@id\":\"https:\\\/\\\/mistrzowieimprez.pl\\\/#website\"},\"primaryImageOfPage\":{\"@id\":\"https:\\\/\\\/mistrzowieimprez.pl\\\/leksykon-mistrzow-imprez\\\/f\\\/#primaryimage\"},\"image\":{\"@id\":\"https:\\\/\\\/mistrzowieimprez.pl\\\/leksykon-mistrzow-imprez\\\/f\\\/#primaryimage\"},\"thumbnailUrl\":\"https:\\\/\\\/mistrzowieimprez.pl\\\/wp-content\\\/uploads\\\/2024\\\/09\\\/kreatyw-media_113.jpg\",\"datePublished\":\"2025-08-05T08:34:16+00:00\",\"dateModified\":\"2025-08-05T08:57:33+00:00\",\"breadcrumb\":{\"@id\":\"https:\\\/\\\/mistrzowieimprez.pl\\\/leksykon-mistrzow-imprez\\\/f\\\/#breadcrumb\"},\"inLanguage\":\"en-GB\",\"potentialAction\":[{\"@type\":\"ReadAction\",\"target\":[\"https:\\\/\\\/mistrzowieimprez.pl\\\/leksykon-mistrzow-imprez\\\/f\\\/\"]}]},{\"@type\":\"ImageObject\",\"inLanguage\":\"en-GB\",\"@id\":\"https:\\\/\\\/mistrzowieimprez.pl\\\/leksykon-mistrzow-imprez\\\/f\\\/#primaryimage\",\"url\":\"https:\\\/\\\/mistrzowieimprez.pl\\\/wp-content\\\/uploads\\\/2024\\\/09\\\/kreatyw-media_113.jpg\",\"contentUrl\":\"https:\\\/\\\/mistrzowieimprez.pl\\\/wp-content\\\/uploads\\\/2024\\\/09\\\/kreatyw-media_113.jpg\"},{\"@type\":\"BreadcrumbList\",\"@id\":\"https:\\\/\\\/mistrzowieimprez.pl\\\/leksykon-mistrzow-imprez\\\/f\\\/#breadcrumb\",\"itemListElement\":[{\"@type\":\"ListItem\",\"position\":1,\"name\":\"Strona g\u0142\u00f3wna\",\"item\":\"https:\\\/\\\/mistrzowieimprez.pl\\\/\"},{\"@type\":\"ListItem\",\"position\":2,\"name\":\"Leksykon mistrz\u00f3w imprez\",\"item\":\"https:\\\/\\\/mistrzowieimprez.pl\\\/leksykon-mistrzow-imprez\\\/\"},{\"@type\":\"ListItem\",\"position\":3,\"name\":\"F\"}]},{\"@type\":\"WebSite\",\"@id\":\"https:\\\/\\\/mistrzowieimprez.pl\\\/#website\",\"url\":\"https:\\\/\\\/mistrzowieimprez.pl\\\/\",\"name\":\"Mistrzowie Imprez\",\"description\":\"Kompleksowa organizacja imprez\",\"publisher\":{\"@id\":\"https:\\\/\\\/mistrzowieimprez.pl\\\/#organization\"},\"potentialAction\":[{\"@type\":\"SearchAction\",\"target\":{\"@type\":\"EntryPoint\",\"urlTemplate\":\"https:\\\/\\\/mistrzowieimprez.pl\\\/?s={search_term_string}\"},\"query-input\":{\"@type\":\"PropertyValueSpecification\",\"valueRequired\":true,\"valueName\":\"search_term_string\"}}],\"inLanguage\":\"en-GB\"},{\"@type\":\"Organization\",\"@id\":\"https:\\\/\\\/mistrzowieimprez.pl\\\/#organization\",\"name\":\"Mistrzowie Imprez\",\"url\":\"https:\\\/\\\/mistrzowieimprez.pl\\\/\",\"logo\":{\"@type\":\"ImageObject\",\"inLanguage\":\"en-GB\",\"@id\":\"https:\\\/\\\/mistrzowieimprez.pl\\\/#\\\/schema\\\/logo\\\/image\\\/\",\"url\":\"https:\\\/\\\/mistrzowieimprez.pl\\\/wp-content\\\/uploads\\\/2024\\\/08\\\/mistrzowie_imprez_logo_ciemne-tlo@4x.png\",\"contentUrl\":\"https:\\\/\\\/mistrzowieimprez.pl\\\/wp-content\\\/uploads\\\/2024\\\/08\\\/mistrzowie_imprez_logo_ciemne-tlo@4x.png\",\"width\":1318,\"height\":351,\"caption\":\"Mistrzowie Imprez\"},\"image\":{\"@id\":\"https:\\\/\\\/mistrzowieimprez.pl\\\/#\\\/schema\\\/logo\\\/image\\\/\"},\"sameAs\":[\"https:\\\/\\\/www.facebook.com\\\/mistrzowieimprez\",\"https:\\\/\\\/www.instagram.com\\\/mistrzowieimprez\\\/\",\"https:\\\/\\\/www.youtube.com\\\/@ytmistrzowieimprez\"]}]}<\/script>\n<!-- \/ Yoast SEO plugin. -->","yoast_head_json":{"title":"- Mistrzowie Imprez","robots":{"index":"index","follow":"follow","max-snippet":"max-snippet:-1","max-image-preview":"max-image-preview:large","max-video-preview":"max-video-preview:-1"},"canonical":"https:\/\/mistrzowieimprez.pl\/en\/leksykon-mistrzow-imprez\/f\/","og_locale":"en_GB","og_type":"article","og_title":"- Mistrzowie Imprez","og_description":"F jak Festyn firmowy Festyn firmowy to wydarzenie, kt\u00f3re \u0142\u0105czy w sobie lu\u017an\u0105 atmosfer\u0119 pikniku z przemy\u015blan\u0105 strategi\u0105 integracyjn\u0105 i wizerunkow\u0105. To czas, kiedy pracownicy, ich rodziny i bliscy mog\u0105 sp\u0119dzi\u0107 wsp\u00f3lnie dzie\u0144 pe\u0142en zabawy, emocji i relaksu \u2013 a firma ma okazj\u0119 pokaza\u0107 swoje \u201eludzkie\u201d oblicze. W Mistrzach Imprez traktujemy festyny jako doskona\u0142\u0105 okazj\u0119 [&hellip;]","og_url":"https:\/\/mistrzowieimprez.pl\/en\/leksykon-mistrzow-imprez\/f\/","og_site_name":"Mistrzowie Imprez","article_publisher":"https:\/\/www.facebook.com\/mistrzowieimprez","article_modified_time":"2025-08-05T08:57:33+00:00","og_image":[{"width":1920,"height":1280,"url":"https:\/\/mistrzowieimprez.pl\/wp-content\/uploads\/2024\/09\/kreatyw-media_113.jpg","type":"image\/jpeg"}],"twitter_card":"summary_large_image","twitter_misc":{"Estimated reading time":"2 minutes"},"schema":{"@context":"https:\/\/schema.org","@graph":[{"@type":"WebPage","@id":"https:\/\/mistrzowieimprez.pl\/leksykon-mistrzow-imprez\/f\/","url":"https:\/\/mistrzowieimprez.pl\/leksykon-mistrzow-imprez\/f\/","name":"- Mistrzowie Imprez","isPartOf":{"@id":"https:\/\/mistrzowieimprez.pl\/#website"},"primaryImageOfPage":{"@id":"https:\/\/mistrzowieimprez.pl\/leksykon-mistrzow-imprez\/f\/#primaryimage"},"image":{"@id":"https:\/\/mistrzowieimprez.pl\/leksykon-mistrzow-imprez\/f\/#primaryimage"},"thumbnailUrl":"https:\/\/mistrzowieimprez.pl\/wp-content\/uploads\/2024\/09\/kreatyw-media_113.jpg","datePublished":"2025-08-05T08:34:16+00:00","dateModified":"2025-08-05T08:57:33+00:00","breadcrumb":{"@id":"https:\/\/mistrzowieimprez.pl\/leksykon-mistrzow-imprez\/f\/#breadcrumb"},"inLanguage":"en-GB","potentialAction":[{"@type":"ReadAction","target":["https:\/\/mistrzowieimprez.pl\/leksykon-mistrzow-imprez\/f\/"]}]},{"@type":"ImageObject","inLanguage":"en-GB","@id":"https:\/\/mistrzowieimprez.pl\/leksykon-mistrzow-imprez\/f\/#primaryimage","url":"https:\/\/mistrzowieimprez.pl\/wp-content\/uploads\/2024\/09\/kreatyw-media_113.jpg","contentUrl":"https:\/\/mistrzowieimprez.pl\/wp-content\/uploads\/2024\/09\/kreatyw-media_113.jpg"},{"@type":"BreadcrumbList","@id":"https:\/\/mistrzowieimprez.pl\/leksykon-mistrzow-imprez\/f\/#breadcrumb","itemListElement":[{"@type":"ListItem","position":1,"name":"Strona g\u0142\u00f3wna","item":"https:\/\/mistrzowieimprez.pl\/"},{"@type":"ListItem","position":2,"name":"Leksykon mistrz\u00f3w imprez","item":"https:\/\/mistrzowieimprez.pl\/leksykon-mistrzow-imprez\/"},{"@type":"ListItem","position":3,"name":"F"}]},{"@type":"WebSite","@id":"https:\/\/mistrzowieimprez.pl\/#website","url":"https:\/\/mistrzowieimprez.pl\/","name":"Mistrzowie Imprez","description":"Kompleksowa organizacja imprez","publisher":{"@id":"https:\/\/mistrzowieimprez.pl\/#organization"},"potentialAction":[{"@type":"SearchAction","target":{"@type":"EntryPoint","urlTemplate":"https:\/\/mistrzowieimprez.pl\/?s={search_term_string}"},"query-input":{"@type":"PropertyValueSpecification","valueRequired":true,"valueName":"search_term_string"}}],"inLanguage":"en-GB"},{"@type":"Organization","@id":"https:\/\/mistrzowieimprez.pl\/#organization","name":"Mistrzowie Imprez","url":"https:\/\/mistrzowieimprez.pl\/","logo":{"@type":"ImageObject","inLanguage":"en-GB","@id":"https:\/\/mistrzowieimprez.pl\/#\/schema\/logo\/image\/","url":"https:\/\/mistrzowieimprez.pl\/wp-content\/uploads\/2024\/08\/mistrzowie_imprez_logo_ciemne-tlo@4x.png","contentUrl":"https:\/\/mistrzowieimprez.pl\/wp-content\/uploads\/2024\/08\/mistrzowie_imprez_logo_ciemne-tlo@4x.png","width":1318,"height":351,"caption":"Mistrzowie Imprez"},"image":{"@id":"https:\/\/mistrzowieimprez.pl\/#\/schema\/logo\/image\/"},"sameAs":["https:\/\/www.facebook.com\/mistrzowieimprez","https:\/\/www.instagram.com\/mistrzowieimprez\/","https:\/\/www.youtube.com\/@ytmistrzowieimprez"]}]}},"_links":{"self":[{"href":"https:\/\/mistrzowieimprez.pl\/en\/wp-json\/wp\/v2\/pages\/3206","targetHints":{"allow":["GET"]}}],"collection":[{"href":"https:\/\/mistrzowieimprez.pl\/en\/wp-json\/wp\/v2\/pages"}],"about":[{"href":"https:\/\/mistrzowieimprez.pl\/en\/wp-json\/wp\/v2\/types\/page"}],"author":[{"embeddable":true,"href":"https:\/\/mistrzowieimprez.pl\/en\/wp-json\/wp\/v2\/users\/9"}],"replies":[{"embeddable":true,"href":"https:\/\/mistrzowieimprez.pl\/en\/wp-json\/wp\/v2\/comments?post=3206"}],"version-history":[{"count":4,"href":"https:\/\/mistrzowieimprez.pl\/en\/wp-json\/wp\/v2\/pages\/3206\/revisions"}],"predecessor-version":[{"id":3263,"href":"https:\/\/mistrzowieimprez.pl\/en\/wp-json\/wp\/v2\/pages\/3206\/revisions\/3263"}],"up":[{"embeddable":true,"href":"https:\/\/mistrzowieimprez.pl\/en\/wp-json\/wp\/v2\/pages\/3162"}],"wp:attachment":[{"href":"https:\/\/mistrzowieimprez.pl\/en\/wp-json\/wp\/v2\/media?parent=3206"}],"curies":[{"name":"wp","href":"https:\/\/api.w.org\/{rel}","templated":true}]}}