{"id":3205,"date":"2025-08-05T08:32:58","date_gmt":"2025-08-05T08:32:58","guid":{"rendered":"https:\/\/mistrzowieimprez.pl\/?page_id=3205"},"modified":"2025-08-05T08:57:05","modified_gmt":"2025-08-05T08:57:05","slug":"e","status":"publish","type":"page","link":"https:\/\/mistrzowieimprez.pl\/en\/leksykon-mistrzow-imprez\/e\/","title":{"rendered":"E"},"content":{"rendered":"<div data-elementor-type=\"wp-page\" data-elementor-id=\"3205\" class=\"elementor elementor-3205\" data-elementor-post-type=\"page\">\n\t\t\t\t<div class=\"elementor-element elementor-element-21a7fd6c e-flex e-con-boxed elementor-invisible e-con e-parent\" data-id=\"21a7fd6c\" data-element_type=\"container\" data-e-type=\"container\" data-settings=\"{&quot;background_background&quot;:&quot;classic&quot;,&quot;animation&quot;:&quot;fadeIn&quot;}\">\n\t\t\t\t\t<div class=\"e-con-inner\">\n\t\t<div class=\"elementor-element elementor-element-6bc19e9f e-con-full e-flex e-con e-child\" data-id=\"6bc19e9f\" data-element_type=\"container\" data-e-type=\"container\">\n\t\t\t\t<div class=\"elementor-element elementor-element-f768de7 elementor-widget-laptop__width-inherit elementor-invisible elementor-widget elementor-widget-heading\" data-id=\"f768de7\" data-element_type=\"widget\" data-e-type=\"widget\" data-settings=\"{&quot;_animation&quot;:&quot;fadeInUp&quot;}\" data-widget_type=\"heading.default\">\n\t\t\t\t\t<p class=\"elementor-heading-title elementor-size-default\">E<\/p>\t\t\t\t<\/div>\n\t\t\t\t<\/div>\n\t\t\t\t\t<\/div>\n\t\t\t\t<\/div>\n\t\t<div class=\"elementor-element elementor-element-3972428a e-flex e-con-boxed elementor-invisible e-con e-parent\" data-id=\"3972428a\" data-element_type=\"container\" data-e-type=\"container\" data-settings=\"{&quot;background_background&quot;:&quot;classic&quot;,&quot;animation&quot;:&quot;fadeIn&quot;}\">\n\t\t\t\t\t<div class=\"e-con-inner\">\n\t\t<div class=\"elementor-element elementor-element-2008fec9 e-con-full e-flex elementor-invisible e-con e-child\" data-id=\"2008fec9\" data-element_type=\"container\" data-e-type=\"container\" data-settings=\"{&quot;animation&quot;:&quot;fadeInLeft&quot;}\">\n\t\t\t\t<div class=\"elementor-element elementor-element-3e5076f elementor-widget elementor-widget-image\" data-id=\"3e5076f\" data-element_type=\"widget\" data-e-type=\"widget\" data-widget_type=\"image.default\">\n\t\t\t\t\t\t\t\t\t\t\t\t\t\t\t<img fetchpriority=\"high\" decoding=\"async\" width=\"1000\" height=\"1000\" src=\"https:\/\/mistrzowieimprez.pl\/wp-content\/uploads\/2024\/10\/ESCAPE-ROOM-2_22_11zon.webp\" class=\"attachment-full size-full wp-image-2529\" alt=\"Pok\u00f3j eventowy z du\u017cym ekranem wy\u015bwietlaj\u0105cym czasomierz, fotelem, gitar\u0105 i drewnianymi belkami na \u015bcianie.\" srcset=\"https:\/\/mistrzowieimprez.pl\/wp-content\/uploads\/2024\/10\/ESCAPE-ROOM-2_22_11zon.webp 1000w, https:\/\/mistrzowieimprez.pl\/wp-content\/uploads\/2024\/10\/ESCAPE-ROOM-2_22_11zon-300x300.webp 300w, https:\/\/mistrzowieimprez.pl\/wp-content\/uploads\/2024\/10\/ESCAPE-ROOM-2_22_11zon-150x150.webp 150w, https:\/\/mistrzowieimprez.pl\/wp-content\/uploads\/2024\/10\/ESCAPE-ROOM-2_22_11zon-768x768.webp 768w, https:\/\/mistrzowieimprez.pl\/wp-content\/uploads\/2024\/10\/ESCAPE-ROOM-2_22_11zon-12x12.webp 12w, https:\/\/mistrzowieimprez.pl\/wp-content\/uploads\/2024\/10\/ESCAPE-ROOM-2_22_11zon-600x600.webp 600w, https:\/\/mistrzowieimprez.pl\/wp-content\/uploads\/2024\/10\/ESCAPE-ROOM-2_22_11zon-100x100.webp 100w\" sizes=\"(max-width: 1000px) 100vw, 1000px\" \/>\t\t\t\t\t\t\t\t\t\t\t\t\t\t\t<\/div>\n\t\t\t\t<\/div>\n\t\t<div class=\"elementor-element elementor-element-7a5b7ca9 e-con-full e-flex e-con e-child\" data-id=\"7a5b7ca9\" data-element_type=\"container\" data-e-type=\"container\">\n\t\t\t\t<div class=\"elementor-element elementor-element-71e1308f elementor-invisible elementor-widget elementor-widget-heading\" data-id=\"71e1308f\" data-element_type=\"widget\" data-e-type=\"widget\" data-settings=\"{&quot;_animation&quot;:&quot;fadeInUp&quot;}\" data-widget_type=\"heading.default\">\n\t\t\t\t\t<h1 class=\"elementor-heading-title elementor-size-default\">E jak Escape room mobilny\n<\/h1>\t\t\t\t<\/div>\n\t\t\t\t<div class=\"elementor-element elementor-element-4986ae2d elementor-invisible elementor-widget elementor-widget-text-editor\" data-id=\"4986ae2d\" data-element_type=\"widget\" data-e-type=\"widget\" data-settings=\"{&quot;_animation&quot;:&quot;fadeInUp&quot;}\" data-widget_type=\"text-editor.default\">\n\t\t\t\t\t\t\t\t\t<p data-start=\"144\" data-end=\"495\">Escape room mobilny to nowoczesna atrakcja integracyjna, kt\u00f3ra z powodzeniem przenosi emocje znane z zamkni\u0119tych pokoi zagadek wprost na teren Twojego eventu \u2013 niezale\u017cnie od tego, czy odbywa si\u0119 on w biurze, hotelu konferencyjnym, namiocie czy na \u015bwie\u017cym powietrzu. To doskona\u0142y spos\u00f3b na pobudzenie zespo\u0142owego my\u015blenia, wsp\u00f3\u0142pracy i\u2026 dobrej zabawy.<\/p><p data-start=\"497\" data-end=\"909\">Mobilna wersja escape roomu nie wymaga specjalnych pomieszcze\u0144 \u2013 wszystko przywozimy ze sob\u0105. Tworzymy przestrzenie zagadek w dostosowanych kontenerach, namiotach lub wydzielonych strefach. Uczestnicy wchodz\u0105 do pokoju tematycznego, gdzie w okre\u015blonym czasie musz\u0105 rozwi\u0105za\u0107 seri\u0119 logicznych \u0142amig\u0142\u00f3wek, by \u201euciec\u201d. Nad ca\u0142o\u015bci\u0105 czuwa nasz zesp\u00f3\u0142, kt\u00f3ry monitoruje przebieg gry i \u2013 w razie potrzeby \u2013 podpowiada.<\/p><p data-start=\"911\" data-end=\"1316\">W ofercie <a class=\"cursor-pointer\" target=\"_new\" rel=\"noopener\" data-start=\"921\" data-end=\"979\">Mistrz\u00f3w Imprez<\/a> znajduje si\u0119 kilka scenariuszy mobilnych \u2013 od klasycznych zagadek kryminalnych, przez escape room w stylu PRL, a\u017c po futurystyczne scenariusze z elementami AR. Ka\u017cdy z nich anga\u017cuje uczestnik\u00f3w w pe\u0142ni \u2013 czasem zaskoczy laserowym systemem blokad, innym razem \u2013 szyfrowanym sejfem, kt\u00f3ry trzeba otworzy\u0107 za pomoc\u0105 specjalnego urz\u0105dzenia.<\/p><p data-start=\"1318\" data-end=\"1788\">Escape roomy mobilne \u015bwietnie sprawdzaj\u0105 si\u0119 podczas <a class=\"cursor-pointer\" target=\"_new\" rel=\"noopener\" data-start=\"1371\" data-end=\"1430\">event\u00f3w indoor<\/a>, ale te\u017c jako cz\u0119\u015b\u0107 <a class=\"cursor-pointer\" target=\"_new\" rel=\"noopener\" data-start=\"1451\" data-end=\"1531\">gier terenowych<\/a> czy nawet na du\u017cych <a class=\"cursor-pointer\" target=\"_new\" rel=\"noopener\" data-start=\"1552\" data-end=\"1618\">piknikach firmowych<\/a>. To forma aktywno\u015bci, kt\u00f3ra naturalnie pobudza do wsp\u00f3\u0142pracy, komunikacji i zdrowej rywalizacji. Doskonale integruje pracownik\u00f3w, niezale\u017cnie od wieku czy do\u015bwiadczenia.<\/p><p data-start=\"1790\" data-end=\"2062\">Dodatkowo, escape room mo\u017cna personalizowa\u0107 \u2013 zmieni\u0107 zagadki, doda\u0107 elementy firmowe, has\u0142a czy motywy zgodne z tematyk\u0105 wydarzenia. To sprawia, \u017ce staje si\u0119 nie tylko form\u0105 rozrywki, ale te\u017c narz\u0119dziem employer brandingowym, kt\u00f3re anga\u017cuje emocjonalnie i intelektualnie.<\/p><p data-start=\"2069\" data-end=\"2160\"><strong data-start=\"2069\" data-end=\"2160\">Interesuj\u0105 Ci\u0119 atrakcje, kt\u00f3re stawiaj\u0105 na wsp\u00f3\u0142prac\u0119 i logiczne my\u015blenie? Sprawd\u017a te\u017c:<\/strong><\/p><p data-start=\"2162\" data-end=\"2535\">\u2013 <strong data-start=\"2164\" data-end=\"2247\"><a class=\"cursor-pointer\" target=\"_new\" rel=\"noopener\" data-start=\"2166\" data-end=\"2245\">G jak Gry integracyjne<\/a><\/strong><br data-start=\"2247\" data-end=\"2250\" \/>\u2013 <strong data-start=\"2252\" data-end=\"2351\"><a class=\"cursor-pointer\" target=\"_new\" rel=\"noopener\" data-start=\"2254\" data-end=\"2349\">S jak Scenariusze integracyjne<\/a><\/strong><br data-start=\"2351\" data-end=\"2354\" \/>\u2013 <strong data-start=\"2356\" data-end=\"2437\"><a class=\"cursor-pointer\" target=\"_new\" rel=\"noopener\" data-start=\"2358\" data-end=\"2435\">N jak Namiot eventowy<\/a><\/strong><br data-start=\"2437\" data-end=\"2440\" \/>\u2013 <strong data-start=\"2442\" data-end=\"2533\"><a class=\"cursor-pointer\" target=\"_new\" rel=\"noopener\" data-start=\"2444\" data-end=\"2531\">U jak Ubezpieczenie eventu<\/a><\/strong><\/p><p data-start=\"2542\" data-end=\"2620\"><a class=\"\" href=\"http:\/\/mistrzowieimprez.pl\/leksykon-mistrzow-imprez\/\" target=\"_new\" rel=\"noopener\" data-start=\"2545\" data-end=\"2620\">Powr\u00f3t do leksykonu<\/a><\/p>\t\t\t\t\t\t\t\t<\/div>\n\t\t\t\t<\/div>\n\t\t\t\t\t<\/div>\n\t\t\t\t<\/div>\n\t\t\t\t<\/div>","protected":false},"excerpt":{"rendered":"<p>E jak Escape room mobilny Escape room mobilny to nowoczesna atrakcja integracyjna, kt\u00f3ra z powodzeniem przenosi emocje znane z zamkni\u0119tych pokoi zagadek wprost na teren Twojego eventu \u2013 niezale\u017cnie od tego, czy odbywa si\u0119 on w biurze, hotelu konferencyjnym, namiocie czy na \u015bwie\u017cym powietrzu. To doskona\u0142y spos\u00f3b na pobudzenie zespo\u0142owego my\u015blenia, wsp\u00f3\u0142pracy i\u2026 dobrej zabawy. [&hellip;]<\/p>\n","protected":false},"author":9,"featured_media":0,"parent":3162,"menu_order":0,"comment_status":"closed","ping_status":"closed","template":"elementor_header_footer","meta":{"_acf_changed":false,"footnotes":""},"class_list":["post-3205","page","type-page","status-publish","hentry"],"acf":[],"yoast_head":"<!-- This site is optimized with the Yoast SEO plugin v27.5 - https:\/\/yoast.com\/product\/yoast-seo-wordpress\/ -->\n<title>- Mistrzowie Imprez<\/title>\n<meta name=\"robots\" content=\"index, follow, max-snippet:-1, max-image-preview:large, max-video-preview:-1\" \/>\n<link rel=\"canonical\" href=\"https:\/\/mistrzowieimprez.pl\/en\/leksykon-mistrzow-imprez\/e\/\" \/>\n<meta property=\"og:locale\" content=\"en_GB\" \/>\n<meta property=\"og:type\" content=\"article\" \/>\n<meta property=\"og:title\" content=\"- Mistrzowie Imprez\" \/>\n<meta property=\"og:description\" content=\"E jak Escape room mobilny Escape room mobilny to nowoczesna atrakcja integracyjna, kt\u00f3ra z powodzeniem przenosi emocje znane z zamkni\u0119tych pokoi zagadek wprost na teren Twojego eventu \u2013 niezale\u017cnie od tego, czy odbywa si\u0119 on w biurze, hotelu konferencyjnym, namiocie czy na \u015bwie\u017cym powietrzu. To doskona\u0142y spos\u00f3b na pobudzenie zespo\u0142owego my\u015blenia, wsp\u00f3\u0142pracy i\u2026 dobrej zabawy. [&hellip;]\" \/>\n<meta property=\"og:url\" content=\"https:\/\/mistrzowieimprez.pl\/en\/leksykon-mistrzow-imprez\/e\/\" \/>\n<meta property=\"og:site_name\" content=\"Mistrzowie Imprez\" \/>\n<meta property=\"article:publisher\" content=\"https:\/\/www.facebook.com\/mistrzowieimprez\" \/>\n<meta property=\"article:modified_time\" content=\"2025-08-05T08:57:05+00:00\" \/>\n<meta property=\"og:image\" content=\"https:\/\/mistrzowieimprez.pl\/wp-content\/uploads\/2024\/10\/ESCAPE-ROOM-2_22_11zon.webp\" \/>\n<meta name=\"twitter:card\" content=\"summary_large_image\" \/>\n<meta name=\"twitter:label1\" content=\"Estimated reading time\" \/>\n\t<meta name=\"twitter:data1\" content=\"2 minutes\" \/>\n<script type=\"application\/ld+json\" class=\"yoast-schema-graph\">{\"@context\":\"https:\\\/\\\/schema.org\",\"@graph\":[{\"@type\":\"WebPage\",\"@id\":\"https:\\\/\\\/mistrzowieimprez.pl\\\/leksykon-mistrzow-imprez\\\/e\\\/\",\"url\":\"https:\\\/\\\/mistrzowieimprez.pl\\\/leksykon-mistrzow-imprez\\\/e\\\/\",\"name\":\"- Mistrzowie Imprez\",\"isPartOf\":{\"@id\":\"https:\\\/\\\/mistrzowieimprez.pl\\\/#website\"},\"primaryImageOfPage\":{\"@id\":\"https:\\\/\\\/mistrzowieimprez.pl\\\/leksykon-mistrzow-imprez\\\/e\\\/#primaryimage\"},\"image\":{\"@id\":\"https:\\\/\\\/mistrzowieimprez.pl\\\/leksykon-mistrzow-imprez\\\/e\\\/#primaryimage\"},\"thumbnailUrl\":\"https:\\\/\\\/mistrzowieimprez.pl\\\/wp-content\\\/uploads\\\/2024\\\/10\\\/ESCAPE-ROOM-2_22_11zon.webp\",\"datePublished\":\"2025-08-05T08:32:58+00:00\",\"dateModified\":\"2025-08-05T08:57:05+00:00\",\"breadcrumb\":{\"@id\":\"https:\\\/\\\/mistrzowieimprez.pl\\\/leksykon-mistrzow-imprez\\\/e\\\/#breadcrumb\"},\"inLanguage\":\"en-GB\",\"potentialAction\":[{\"@type\":\"ReadAction\",\"target\":[\"https:\\\/\\\/mistrzowieimprez.pl\\\/leksykon-mistrzow-imprez\\\/e\\\/\"]}]},{\"@type\":\"ImageObject\",\"inLanguage\":\"en-GB\",\"@id\":\"https:\\\/\\\/mistrzowieimprez.pl\\\/leksykon-mistrzow-imprez\\\/e\\\/#primaryimage\",\"url\":\"https:\\\/\\\/mistrzowieimprez.pl\\\/wp-content\\\/uploads\\\/2024\\\/10\\\/ESCAPE-ROOM-2_22_11zon.webp\",\"contentUrl\":\"https:\\\/\\\/mistrzowieimprez.pl\\\/wp-content\\\/uploads\\\/2024\\\/10\\\/ESCAPE-ROOM-2_22_11zon.webp\"},{\"@type\":\"BreadcrumbList\",\"@id\":\"https:\\\/\\\/mistrzowieimprez.pl\\\/leksykon-mistrzow-imprez\\\/e\\\/#breadcrumb\",\"itemListElement\":[{\"@type\":\"ListItem\",\"position\":1,\"name\":\"Strona g\u0142\u00f3wna\",\"item\":\"https:\\\/\\\/mistrzowieimprez.pl\\\/\"},{\"@type\":\"ListItem\",\"position\":2,\"name\":\"Leksykon mistrz\u00f3w imprez\",\"item\":\"https:\\\/\\\/mistrzowieimprez.pl\\\/leksykon-mistrzow-imprez\\\/\"},{\"@type\":\"ListItem\",\"position\":3,\"name\":\"E\"}]},{\"@type\":\"WebSite\",\"@id\":\"https:\\\/\\\/mistrzowieimprez.pl\\\/#website\",\"url\":\"https:\\\/\\\/mistrzowieimprez.pl\\\/\",\"name\":\"Mistrzowie Imprez\",\"description\":\"Kompleksowa organizacja imprez\",\"publisher\":{\"@id\":\"https:\\\/\\\/mistrzowieimprez.pl\\\/#organization\"},\"potentialAction\":[{\"@type\":\"SearchAction\",\"target\":{\"@type\":\"EntryPoint\",\"urlTemplate\":\"https:\\\/\\\/mistrzowieimprez.pl\\\/?s={search_term_string}\"},\"query-input\":{\"@type\":\"PropertyValueSpecification\",\"valueRequired\":true,\"valueName\":\"search_term_string\"}}],\"inLanguage\":\"en-GB\"},{\"@type\":\"Organization\",\"@id\":\"https:\\\/\\\/mistrzowieimprez.pl\\\/#organization\",\"name\":\"Mistrzowie Imprez\",\"url\":\"https:\\\/\\\/mistrzowieimprez.pl\\\/\",\"logo\":{\"@type\":\"ImageObject\",\"inLanguage\":\"en-GB\",\"@id\":\"https:\\\/\\\/mistrzowieimprez.pl\\\/#\\\/schema\\\/logo\\\/image\\\/\",\"url\":\"https:\\\/\\\/mistrzowieimprez.pl\\\/wp-content\\\/uploads\\\/2024\\\/08\\\/mistrzowie_imprez_logo_ciemne-tlo@4x.png\",\"contentUrl\":\"https:\\\/\\\/mistrzowieimprez.pl\\\/wp-content\\\/uploads\\\/2024\\\/08\\\/mistrzowie_imprez_logo_ciemne-tlo@4x.png\",\"width\":1318,\"height\":351,\"caption\":\"Mistrzowie Imprez\"},\"image\":{\"@id\":\"https:\\\/\\\/mistrzowieimprez.pl\\\/#\\\/schema\\\/logo\\\/image\\\/\"},\"sameAs\":[\"https:\\\/\\\/www.facebook.com\\\/mistrzowieimprez\",\"https:\\\/\\\/www.instagram.com\\\/mistrzowieimprez\\\/\",\"https:\\\/\\\/www.youtube.com\\\/@ytmistrzowieimprez\"]}]}<\/script>\n<!-- \/ Yoast SEO plugin. -->","yoast_head_json":{"title":"- Mistrzowie Imprez","robots":{"index":"index","follow":"follow","max-snippet":"max-snippet:-1","max-image-preview":"max-image-preview:large","max-video-preview":"max-video-preview:-1"},"canonical":"https:\/\/mistrzowieimprez.pl\/en\/leksykon-mistrzow-imprez\/e\/","og_locale":"en_GB","og_type":"article","og_title":"- Mistrzowie Imprez","og_description":"E jak Escape room mobilny Escape room mobilny to nowoczesna atrakcja integracyjna, kt\u00f3ra z powodzeniem przenosi emocje znane z zamkni\u0119tych pokoi zagadek wprost na teren Twojego eventu \u2013 niezale\u017cnie od tego, czy odbywa si\u0119 on w biurze, hotelu konferencyjnym, namiocie czy na \u015bwie\u017cym powietrzu. To doskona\u0142y spos\u00f3b na pobudzenie zespo\u0142owego my\u015blenia, wsp\u00f3\u0142pracy i\u2026 dobrej zabawy. [&hellip;]","og_url":"https:\/\/mistrzowieimprez.pl\/en\/leksykon-mistrzow-imprez\/e\/","og_site_name":"Mistrzowie Imprez","article_publisher":"https:\/\/www.facebook.com\/mistrzowieimprez","article_modified_time":"2025-08-05T08:57:05+00:00","og_image":[{"url":"https:\/\/mistrzowieimprez.pl\/wp-content\/uploads\/2024\/10\/ESCAPE-ROOM-2_22_11zon.webp","type":"","width":"","height":""}],"twitter_card":"summary_large_image","twitter_misc":{"Estimated reading time":"2 minutes"},"schema":{"@context":"https:\/\/schema.org","@graph":[{"@type":"WebPage","@id":"https:\/\/mistrzowieimprez.pl\/leksykon-mistrzow-imprez\/e\/","url":"https:\/\/mistrzowieimprez.pl\/leksykon-mistrzow-imprez\/e\/","name":"- Mistrzowie Imprez","isPartOf":{"@id":"https:\/\/mistrzowieimprez.pl\/#website"},"primaryImageOfPage":{"@id":"https:\/\/mistrzowieimprez.pl\/leksykon-mistrzow-imprez\/e\/#primaryimage"},"image":{"@id":"https:\/\/mistrzowieimprez.pl\/leksykon-mistrzow-imprez\/e\/#primaryimage"},"thumbnailUrl":"https:\/\/mistrzowieimprez.pl\/wp-content\/uploads\/2024\/10\/ESCAPE-ROOM-2_22_11zon.webp","datePublished":"2025-08-05T08:32:58+00:00","dateModified":"2025-08-05T08:57:05+00:00","breadcrumb":{"@id":"https:\/\/mistrzowieimprez.pl\/leksykon-mistrzow-imprez\/e\/#breadcrumb"},"inLanguage":"en-GB","potentialAction":[{"@type":"ReadAction","target":["https:\/\/mistrzowieimprez.pl\/leksykon-mistrzow-imprez\/e\/"]}]},{"@type":"ImageObject","inLanguage":"en-GB","@id":"https:\/\/mistrzowieimprez.pl\/leksykon-mistrzow-imprez\/e\/#primaryimage","url":"https:\/\/mistrzowieimprez.pl\/wp-content\/uploads\/2024\/10\/ESCAPE-ROOM-2_22_11zon.webp","contentUrl":"https:\/\/mistrzowieimprez.pl\/wp-content\/uploads\/2024\/10\/ESCAPE-ROOM-2_22_11zon.webp"},{"@type":"BreadcrumbList","@id":"https:\/\/mistrzowieimprez.pl\/leksykon-mistrzow-imprez\/e\/#breadcrumb","itemListElement":[{"@type":"ListItem","position":1,"name":"Strona g\u0142\u00f3wna","item":"https:\/\/mistrzowieimprez.pl\/"},{"@type":"ListItem","position":2,"name":"Leksykon mistrz\u00f3w imprez","item":"https:\/\/mistrzowieimprez.pl\/leksykon-mistrzow-imprez\/"},{"@type":"ListItem","position":3,"name":"E"}]},{"@type":"WebSite","@id":"https:\/\/mistrzowieimprez.pl\/#website","url":"https:\/\/mistrzowieimprez.pl\/","name":"Mistrzowie Imprez","description":"Kompleksowa organizacja imprez","publisher":{"@id":"https:\/\/mistrzowieimprez.pl\/#organization"},"potentialAction":[{"@type":"SearchAction","target":{"@type":"EntryPoint","urlTemplate":"https:\/\/mistrzowieimprez.pl\/?s={search_term_string}"},"query-input":{"@type":"PropertyValueSpecification","valueRequired":true,"valueName":"search_term_string"}}],"inLanguage":"en-GB"},{"@type":"Organization","@id":"https:\/\/mistrzowieimprez.pl\/#organization","name":"Mistrzowie Imprez","url":"https:\/\/mistrzowieimprez.pl\/","logo":{"@type":"ImageObject","inLanguage":"en-GB","@id":"https:\/\/mistrzowieimprez.pl\/#\/schema\/logo\/image\/","url":"https:\/\/mistrzowieimprez.pl\/wp-content\/uploads\/2024\/08\/mistrzowie_imprez_logo_ciemne-tlo@4x.png","contentUrl":"https:\/\/mistrzowieimprez.pl\/wp-content\/uploads\/2024\/08\/mistrzowie_imprez_logo_ciemne-tlo@4x.png","width":1318,"height":351,"caption":"Mistrzowie Imprez"},"image":{"@id":"https:\/\/mistrzowieimprez.pl\/#\/schema\/logo\/image\/"},"sameAs":["https:\/\/www.facebook.com\/mistrzowieimprez","https:\/\/www.instagram.com\/mistrzowieimprez\/","https:\/\/www.youtube.com\/@ytmistrzowieimprez"]}]}},"_links":{"self":[{"href":"https:\/\/mistrzowieimprez.pl\/en\/wp-json\/wp\/v2\/pages\/3205","targetHints":{"allow":["GET"]}}],"collection":[{"href":"https:\/\/mistrzowieimprez.pl\/en\/wp-json\/wp\/v2\/pages"}],"about":[{"href":"https:\/\/mistrzowieimprez.pl\/en\/wp-json\/wp\/v2\/types\/page"}],"author":[{"embeddable":true,"href":"https:\/\/mistrzowieimprez.pl\/en\/wp-json\/wp\/v2\/users\/9"}],"replies":[{"embeddable":true,"href":"https:\/\/mistrzowieimprez.pl\/en\/wp-json\/wp\/v2\/comments?post=3205"}],"version-history":[{"count":4,"href":"https:\/\/mistrzowieimprez.pl\/en\/wp-json\/wp\/v2\/pages\/3205\/revisions"}],"predecessor-version":[{"id":3260,"href":"https:\/\/mistrzowieimprez.pl\/en\/wp-json\/wp\/v2\/pages\/3205\/revisions\/3260"}],"up":[{"embeddable":true,"href":"https:\/\/mistrzowieimprez.pl\/en\/wp-json\/wp\/v2\/pages\/3162"}],"wp:attachment":[{"href":"https:\/\/mistrzowieimprez.pl\/en\/wp-json\/wp\/v2\/media?parent=3205"}],"curies":[{"name":"wp","href":"https:\/\/api.w.org\/{rel}","templated":true}]}}