{"id":3203,"date":"2025-08-05T08:32:23","date_gmt":"2025-08-05T08:32:23","guid":{"rendered":"https:\/\/mistrzowieimprez.pl\/?page_id=3203"},"modified":"2025-08-05T08:43:48","modified_gmt":"2025-08-05T08:43:48","slug":"c","status":"publish","type":"page","link":"https:\/\/mistrzowieimprez.pl\/en\/leksykon-mistrzow-imprez\/c\/","title":{"rendered":"C"},"content":{"rendered":"<div data-elementor-type=\"wp-page\" data-elementor-id=\"3203\" class=\"elementor elementor-3203\" data-elementor-post-type=\"page\">\n\t\t\t\t<div class=\"elementor-element elementor-element-21a7fd6c e-flex e-con-boxed elementor-invisible e-con e-parent\" data-id=\"21a7fd6c\" data-element_type=\"container\" data-e-type=\"container\" data-settings=\"{&quot;background_background&quot;:&quot;classic&quot;,&quot;animation&quot;:&quot;fadeIn&quot;}\">\n\t\t\t\t\t<div class=\"e-con-inner\">\n\t\t<div class=\"elementor-element elementor-element-6bc19e9f e-con-full e-flex e-con e-child\" data-id=\"6bc19e9f\" data-element_type=\"container\" data-e-type=\"container\">\n\t\t\t\t<div class=\"elementor-element elementor-element-f768de7 elementor-widget-laptop__width-inherit elementor-invisible elementor-widget elementor-widget-heading\" data-id=\"f768de7\" data-element_type=\"widget\" data-e-type=\"widget\" data-settings=\"{&quot;_animation&quot;:&quot;fadeInUp&quot;}\" data-widget_type=\"heading.default\">\n\t\t\t\t\t<p class=\"elementor-heading-title elementor-size-default\">C<\/p>\t\t\t\t<\/div>\n\t\t\t\t<\/div>\n\t\t\t\t\t<\/div>\n\t\t\t\t<\/div>\n\t\t<div class=\"elementor-element elementor-element-3972428a e-flex e-con-boxed elementor-invisible e-con e-parent\" data-id=\"3972428a\" data-element_type=\"container\" data-e-type=\"container\" data-settings=\"{&quot;background_background&quot;:&quot;classic&quot;,&quot;animation&quot;:&quot;fadeIn&quot;}\">\n\t\t\t\t\t<div class=\"e-con-inner\">\n\t\t<div class=\"elementor-element elementor-element-2008fec9 e-con-full e-flex elementor-invisible e-con e-child\" data-id=\"2008fec9\" data-element_type=\"container\" data-e-type=\"container\" data-settings=\"{&quot;animation&quot;:&quot;fadeInLeft&quot;}\">\n\t\t\t\t<div class=\"elementor-element elementor-element-3e5076f elementor-widget elementor-widget-image\" data-id=\"3e5076f\" data-element_type=\"widget\" data-e-type=\"widget\" data-widget_type=\"image.default\">\n\t\t\t\t\t\t\t\t\t\t\t\t\t\t\t<img fetchpriority=\"high\" decoding=\"async\" width=\"824\" height=\"522\" src=\"https:\/\/mistrzowieimprez.pl\/wp-content\/uploads\/2024\/09\/wdasdasdasd.png\" class=\"attachment-full size-full wp-image-1602\" alt=\"Na grafice wida\u0107 tort z logo Mistrzowie Imprez oraz du\u017cymi napisami urodziny 25., co sugeruje \u015bwi\u0119towanie 25. rocznicy.\" srcset=\"https:\/\/mistrzowieimprez.pl\/wp-content\/uploads\/2024\/09\/wdasdasdasd.png 824w, https:\/\/mistrzowieimprez.pl\/wp-content\/uploads\/2024\/09\/wdasdasdasd-300x190.png 300w, https:\/\/mistrzowieimprez.pl\/wp-content\/uploads\/2024\/09\/wdasdasdasd-768x487.png 768w, https:\/\/mistrzowieimprez.pl\/wp-content\/uploads\/2024\/09\/wdasdasdasd-600x380.png 600w\" sizes=\"(max-width: 824px) 100vw, 824px\" \/>\t\t\t\t\t\t\t\t\t\t\t\t\t\t\t<\/div>\n\t\t\t\t<\/div>\n\t\t<div class=\"elementor-element elementor-element-7a5b7ca9 e-con-full e-flex e-con e-child\" data-id=\"7a5b7ca9\" data-element_type=\"container\" data-e-type=\"container\">\n\t\t\t\t<div class=\"elementor-element elementor-element-71e1308f elementor-invisible elementor-widget elementor-widget-heading\" data-id=\"71e1308f\" data-element_type=\"widget\" data-e-type=\"widget\" data-settings=\"{&quot;_animation&quot;:&quot;fadeInUp&quot;}\" data-widget_type=\"heading.default\">\n\t\t\t\t\t<h1 class=\"elementor-heading-title elementor-size-default\">C jak Catering eventowy<\/h1>\t\t\t\t<\/div>\n\t\t\t\t<div class=\"elementor-element elementor-element-4986ae2d elementor-invisible elementor-widget elementor-widget-text-editor\" data-id=\"4986ae2d\" data-element_type=\"widget\" data-e-type=\"widget\" data-settings=\"{&quot;_animation&quot;:&quot;fadeInUp&quot;}\" data-widget_type=\"text-editor.default\">\n\t\t\t\t\t\t\t\t\t<p data-start=\"132\" data-end=\"513\">Catering eventowy to znacznie wi\u0119cej ni\u017c tylko jedzenie \u2013 to smakowa oprawa wydarzenia, kt\u00f3ra potrafi podkre\u015bli\u0107 jego charakter, zaskoczy\u0107 uczestnik\u00f3w i stworzy\u0107 niezapomniane wspomnienia. Niezale\u017cnie od tego, czy organizujesz eleganck\u0105 gal\u0119, <a class=\"cursor-pointer\" target=\"_new\" rel=\"noopener\" data-start=\"375\" data-end=\"436\">piknik firmowy<\/a>, konferencj\u0119 czy festyn \u2013 dobry catering to kluczowy element udanego eventu.<\/p><p data-start=\"515\" data-end=\"940\">W Mistrzach Imprez doskonale wiemy, \u017ce nie ma jednego uniwersalnego rozwi\u0105zania. Dlatego oferujemy r\u00f3\u017cnorodne warianty \u2013 od food truck\u00f3w z burgerami i lodami, przez tradycyjne dania polskie serwowane w namiotach cateringowych, a\u017c po elegancki finger food na stoj\u0105co, idealny na <a class=\"cursor-pointer\" target=\"_new\" rel=\"noopener\" data-start=\"793\" data-end=\"851\">eventy indoor<\/a>. Catering zawsze dopasowujemy do klimatu wydarzenia, profilu uczestnik\u00f3w oraz pory roku.<\/p><p data-start=\"942\" data-end=\"1327\">Na \u015bwie\u017cym powietrzu sprawdzaj\u0105 si\u0119 klimatyczne strefy chillout z grillem, drewniane bary i mobilne kawiarnie. W wersji rodzinnej nie mo\u017ce zabrakn\u0105\u0107 waty cukrowej, popcornu, gofr\u00f3w i lemoniady. Z kolei podczas event\u00f3w wieczornych kr\u00f3luj\u0105 serwisy bufetowe, live cooking oraz <a class=\"cursor-pointer\" target=\"_new\" rel=\"noopener\" data-start=\"1216\" data-end=\"1288\">obs\u0142uga kelnerska<\/a>, kt\u00f3ra dodaje klasy ca\u0142emu wydarzeniu.<\/p><p data-start=\"1329\" data-end=\"1648\">Catering to nie tylko smak, ale te\u017c logistyka. Zapewniamy kompletne wyposa\u017cenie \u2013 od namiot\u00f3w, przez sto\u0142y i krzes\u0142a, po zastaw\u0119. Nasze zespo\u0142y wsp\u00f3\u0142pracuj\u0105 z do\u015bwiadczonymi kucharzami i firmami cateringowymi, dzi\u0119ki czemu jeste\u015bmy w stanie obs\u0142u\u017cy\u0107 zar\u00f3wno 30-osobow\u0105 kolacj\u0119 integracyjn\u0105, jak i kilkutysi\u0119czny piknik.<\/p><p data-start=\"1650\" data-end=\"1956\">Co wa\u017cne \u2013 catering to tak\u017ce element identyfikacji wizualnej eventu. Wsp\u00f3lnie z klientem tworzymy personalizowane menu, brandowane strefy kulinarne, a nawet dania tematyczne dopasowane do motywu przewodniego imprezy. To wszystko sprawia, \u017ce uczestnicy czuj\u0105 si\u0119 dopieszczeni \u2013 a o takich eventach si\u0119 m\u00f3wi.<\/p><p data-start=\"1958\" data-end=\"2107\">Nie zapominamy r\u00f3wnie\u017c o diecie \u2013 wegetaria\u0144skie, wega\u0144skie, bezglutenowe, halal \u2013 wszystkie opcje s\u0105 mo\u017cliwe i realizowane z najwy\u017csz\u0105 staranno\u015bci\u0105.<\/p><p data-start=\"2114\" data-end=\"2210\">\u00a0<\/p><p data-start=\"2114\" data-end=\"2210\"><strong data-start=\"2114\" data-end=\"2210\">Chcesz wiedzie\u0107 wi\u0119cej o elementach sk\u0142adaj\u0105cych si\u0119 na udany event? Zajrzyj tak\u017ce do hase\u0142:<\/strong><\/p><p data-start=\"2212\" data-end=\"2583\">\u2013 <strong data-start=\"2214\" data-end=\"2305\"><a class=\"cursor-pointer\" target=\"_new\" rel=\"noopener\" data-start=\"2216\" data-end=\"2303\">L jak Logistyka wydarzenia<\/a><\/strong><br data-start=\"2305\" data-end=\"2308\" \/>\u2013 <strong data-start=\"2310\" data-end=\"2405\"><a class=\"cursor-pointer\" target=\"_new\" rel=\"noopener\" data-start=\"2312\" data-end=\"2403\">O jak Obs\u0142uga techniczna imprezy<\/a><\/strong><br data-start=\"2405\" data-end=\"2408\" \/>\u2013 <strong data-start=\"2410\" data-end=\"2491\"><a class=\"cursor-pointer\" target=\"_new\" rel=\"noopener\" data-start=\"2412\" data-end=\"2489\">E jak Escape room mobilny<\/a><\/strong><br data-start=\"2491\" data-end=\"2494\" \/>\u2013 <strong data-start=\"2496\" data-end=\"2581\"><a class=\"cursor-pointer\" target=\"_new\" rel=\"noopener\" data-start=\"2498\" data-end=\"2579\">H jak Hostessa eventowa<\/a><\/strong><\/p><p data-start=\"2212\" data-end=\"2583\"><a class=\"\" href=\"http:\/\/mistrzowieimprez.pl\/leksykon-mistrzow-imprez\/\" target=\"_new\" rel=\"noopener\" data-start=\"2593\" data-end=\"2668\">Powr\u00f3t do leksykonu<\/a><\/p>\t\t\t\t\t\t\t\t<\/div>\n\t\t\t\t<\/div>\n\t\t\t\t\t<\/div>\n\t\t\t\t<\/div>\n\t\t\t\t<\/div>","protected":false},"excerpt":{"rendered":"<p>C jak Catering eventowy Catering eventowy to znacznie wi\u0119cej ni\u017c tylko jedzenie \u2013 to smakowa oprawa wydarzenia, kt\u00f3ra potrafi podkre\u015bli\u0107 jego charakter, zaskoczy\u0107 uczestnik\u00f3w i stworzy\u0107 niezapomniane wspomnienia. Niezale\u017cnie od tego, czy organizujesz eleganck\u0105 gal\u0119, piknik firmowy, konferencj\u0119 czy festyn \u2013 dobry catering to kluczowy element udanego eventu. W Mistrzach Imprez doskonale wiemy, \u017ce nie [&hellip;]<\/p>\n","protected":false},"author":9,"featured_media":0,"parent":3162,"menu_order":0,"comment_status":"closed","ping_status":"closed","template":"elementor_header_footer","meta":{"_acf_changed":false,"footnotes":""},"class_list":["post-3203","page","type-page","status-publish","hentry"],"acf":[],"yoast_head":"<!-- This site is optimized with the Yoast SEO plugin v27.5 - https:\/\/yoast.com\/product\/yoast-seo-wordpress\/ -->\n<title>- Mistrzowie Imprez<\/title>\n<meta name=\"robots\" content=\"index, follow, max-snippet:-1, max-image-preview:large, max-video-preview:-1\" \/>\n<link rel=\"canonical\" href=\"https:\/\/mistrzowieimprez.pl\/en\/leksykon-mistrzow-imprez\/c\/\" \/>\n<meta property=\"og:locale\" content=\"en_GB\" \/>\n<meta property=\"og:type\" content=\"article\" \/>\n<meta property=\"og:title\" content=\"- Mistrzowie Imprez\" \/>\n<meta property=\"og:description\" content=\"C jak Catering eventowy Catering eventowy to znacznie wi\u0119cej ni\u017c tylko jedzenie \u2013 to smakowa oprawa wydarzenia, kt\u00f3ra potrafi podkre\u015bli\u0107 jego charakter, zaskoczy\u0107 uczestnik\u00f3w i stworzy\u0107 niezapomniane wspomnienia. Niezale\u017cnie od tego, czy organizujesz eleganck\u0105 gal\u0119, piknik firmowy, konferencj\u0119 czy festyn \u2013 dobry catering to kluczowy element udanego eventu. W Mistrzach Imprez doskonale wiemy, \u017ce nie [&hellip;]\" \/>\n<meta property=\"og:url\" content=\"https:\/\/mistrzowieimprez.pl\/en\/leksykon-mistrzow-imprez\/c\/\" \/>\n<meta property=\"og:site_name\" content=\"Mistrzowie Imprez\" \/>\n<meta property=\"article:publisher\" content=\"https:\/\/www.facebook.com\/mistrzowieimprez\" \/>\n<meta property=\"article:modified_time\" content=\"2025-08-05T08:43:48+00:00\" \/>\n<meta property=\"og:image\" content=\"https:\/\/mistrzowieimprez.pl\/wp-content\/uploads\/2024\/09\/wdasdasdasd.png\" \/>\n\t<meta property=\"og:image:width\" content=\"824\" \/>\n\t<meta property=\"og:image:height\" content=\"522\" \/>\n\t<meta property=\"og:image:type\" content=\"image\/png\" \/>\n<meta name=\"twitter:card\" content=\"summary_large_image\" \/>\n<meta name=\"twitter:label1\" content=\"Estimated reading time\" \/>\n\t<meta name=\"twitter:data1\" content=\"2 minutes\" \/>\n<script type=\"application\/ld+json\" class=\"yoast-schema-graph\">{\"@context\":\"https:\\\/\\\/schema.org\",\"@graph\":[{\"@type\":\"WebPage\",\"@id\":\"https:\\\/\\\/mistrzowieimprez.pl\\\/leksykon-mistrzow-imprez\\\/c\\\/\",\"url\":\"https:\\\/\\\/mistrzowieimprez.pl\\\/leksykon-mistrzow-imprez\\\/c\\\/\",\"name\":\"- Mistrzowie Imprez\",\"isPartOf\":{\"@id\":\"https:\\\/\\\/mistrzowieimprez.pl\\\/#website\"},\"primaryImageOfPage\":{\"@id\":\"https:\\\/\\\/mistrzowieimprez.pl\\\/leksykon-mistrzow-imprez\\\/c\\\/#primaryimage\"},\"image\":{\"@id\":\"https:\\\/\\\/mistrzowieimprez.pl\\\/leksykon-mistrzow-imprez\\\/c\\\/#primaryimage\"},\"thumbnailUrl\":\"https:\\\/\\\/mistrzowieimprez.pl\\\/wp-content\\\/uploads\\\/2024\\\/09\\\/wdasdasdasd.png\",\"datePublished\":\"2025-08-05T08:32:23+00:00\",\"dateModified\":\"2025-08-05T08:43:48+00:00\",\"breadcrumb\":{\"@id\":\"https:\\\/\\\/mistrzowieimprez.pl\\\/leksykon-mistrzow-imprez\\\/c\\\/#breadcrumb\"},\"inLanguage\":\"en-GB\",\"potentialAction\":[{\"@type\":\"ReadAction\",\"target\":[\"https:\\\/\\\/mistrzowieimprez.pl\\\/leksykon-mistrzow-imprez\\\/c\\\/\"]}]},{\"@type\":\"ImageObject\",\"inLanguage\":\"en-GB\",\"@id\":\"https:\\\/\\\/mistrzowieimprez.pl\\\/leksykon-mistrzow-imprez\\\/c\\\/#primaryimage\",\"url\":\"https:\\\/\\\/mistrzowieimprez.pl\\\/wp-content\\\/uploads\\\/2024\\\/09\\\/wdasdasdasd.png\",\"contentUrl\":\"https:\\\/\\\/mistrzowieimprez.pl\\\/wp-content\\\/uploads\\\/2024\\\/09\\\/wdasdasdasd.png\"},{\"@type\":\"BreadcrumbList\",\"@id\":\"https:\\\/\\\/mistrzowieimprez.pl\\\/leksykon-mistrzow-imprez\\\/c\\\/#breadcrumb\",\"itemListElement\":[{\"@type\":\"ListItem\",\"position\":1,\"name\":\"Strona g\u0142\u00f3wna\",\"item\":\"https:\\\/\\\/mistrzowieimprez.pl\\\/\"},{\"@type\":\"ListItem\",\"position\":2,\"name\":\"Leksykon mistrz\u00f3w imprez\",\"item\":\"https:\\\/\\\/mistrzowieimprez.pl\\\/leksykon-mistrzow-imprez\\\/\"},{\"@type\":\"ListItem\",\"position\":3,\"name\":\"C\"}]},{\"@type\":\"WebSite\",\"@id\":\"https:\\\/\\\/mistrzowieimprez.pl\\\/#website\",\"url\":\"https:\\\/\\\/mistrzowieimprez.pl\\\/\",\"name\":\"Mistrzowie Imprez\",\"description\":\"Kompleksowa organizacja imprez\",\"publisher\":{\"@id\":\"https:\\\/\\\/mistrzowieimprez.pl\\\/#organization\"},\"potentialAction\":[{\"@type\":\"SearchAction\",\"target\":{\"@type\":\"EntryPoint\",\"urlTemplate\":\"https:\\\/\\\/mistrzowieimprez.pl\\\/?s={search_term_string}\"},\"query-input\":{\"@type\":\"PropertyValueSpecification\",\"valueRequired\":true,\"valueName\":\"search_term_string\"}}],\"inLanguage\":\"en-GB\"},{\"@type\":\"Organization\",\"@id\":\"https:\\\/\\\/mistrzowieimprez.pl\\\/#organization\",\"name\":\"Mistrzowie Imprez\",\"url\":\"https:\\\/\\\/mistrzowieimprez.pl\\\/\",\"logo\":{\"@type\":\"ImageObject\",\"inLanguage\":\"en-GB\",\"@id\":\"https:\\\/\\\/mistrzowieimprez.pl\\\/#\\\/schema\\\/logo\\\/image\\\/\",\"url\":\"https:\\\/\\\/mistrzowieimprez.pl\\\/wp-content\\\/uploads\\\/2024\\\/08\\\/mistrzowie_imprez_logo_ciemne-tlo@4x.png\",\"contentUrl\":\"https:\\\/\\\/mistrzowieimprez.pl\\\/wp-content\\\/uploads\\\/2024\\\/08\\\/mistrzowie_imprez_logo_ciemne-tlo@4x.png\",\"width\":1318,\"height\":351,\"caption\":\"Mistrzowie Imprez\"},\"image\":{\"@id\":\"https:\\\/\\\/mistrzowieimprez.pl\\\/#\\\/schema\\\/logo\\\/image\\\/\"},\"sameAs\":[\"https:\\\/\\\/www.facebook.com\\\/mistrzowieimprez\",\"https:\\\/\\\/www.instagram.com\\\/mistrzowieimprez\\\/\",\"https:\\\/\\\/www.youtube.com\\\/@ytmistrzowieimprez\"]}]}<\/script>\n<!-- \/ Yoast SEO plugin. -->","yoast_head_json":{"title":"- Mistrzowie Imprez","robots":{"index":"index","follow":"follow","max-snippet":"max-snippet:-1","max-image-preview":"max-image-preview:large","max-video-preview":"max-video-preview:-1"},"canonical":"https:\/\/mistrzowieimprez.pl\/en\/leksykon-mistrzow-imprez\/c\/","og_locale":"en_GB","og_type":"article","og_title":"- Mistrzowie Imprez","og_description":"C jak Catering eventowy Catering eventowy to znacznie wi\u0119cej ni\u017c tylko jedzenie \u2013 to smakowa oprawa wydarzenia, kt\u00f3ra potrafi podkre\u015bli\u0107 jego charakter, zaskoczy\u0107 uczestnik\u00f3w i stworzy\u0107 niezapomniane wspomnienia. Niezale\u017cnie od tego, czy organizujesz eleganck\u0105 gal\u0119, piknik firmowy, konferencj\u0119 czy festyn \u2013 dobry catering to kluczowy element udanego eventu. W Mistrzach Imprez doskonale wiemy, \u017ce nie [&hellip;]","og_url":"https:\/\/mistrzowieimprez.pl\/en\/leksykon-mistrzow-imprez\/c\/","og_site_name":"Mistrzowie Imprez","article_publisher":"https:\/\/www.facebook.com\/mistrzowieimprez","article_modified_time":"2025-08-05T08:43:48+00:00","og_image":[{"width":824,"height":522,"url":"https:\/\/mistrzowieimprez.pl\/wp-content\/uploads\/2024\/09\/wdasdasdasd.png","type":"image\/png"}],"twitter_card":"summary_large_image","twitter_misc":{"Estimated reading time":"2 minutes"},"schema":{"@context":"https:\/\/schema.org","@graph":[{"@type":"WebPage","@id":"https:\/\/mistrzowieimprez.pl\/leksykon-mistrzow-imprez\/c\/","url":"https:\/\/mistrzowieimprez.pl\/leksykon-mistrzow-imprez\/c\/","name":"- Mistrzowie Imprez","isPartOf":{"@id":"https:\/\/mistrzowieimprez.pl\/#website"},"primaryImageOfPage":{"@id":"https:\/\/mistrzowieimprez.pl\/leksykon-mistrzow-imprez\/c\/#primaryimage"},"image":{"@id":"https:\/\/mistrzowieimprez.pl\/leksykon-mistrzow-imprez\/c\/#primaryimage"},"thumbnailUrl":"https:\/\/mistrzowieimprez.pl\/wp-content\/uploads\/2024\/09\/wdasdasdasd.png","datePublished":"2025-08-05T08:32:23+00:00","dateModified":"2025-08-05T08:43:48+00:00","breadcrumb":{"@id":"https:\/\/mistrzowieimprez.pl\/leksykon-mistrzow-imprez\/c\/#breadcrumb"},"inLanguage":"en-GB","potentialAction":[{"@type":"ReadAction","target":["https:\/\/mistrzowieimprez.pl\/leksykon-mistrzow-imprez\/c\/"]}]},{"@type":"ImageObject","inLanguage":"en-GB","@id":"https:\/\/mistrzowieimprez.pl\/leksykon-mistrzow-imprez\/c\/#primaryimage","url":"https:\/\/mistrzowieimprez.pl\/wp-content\/uploads\/2024\/09\/wdasdasdasd.png","contentUrl":"https:\/\/mistrzowieimprez.pl\/wp-content\/uploads\/2024\/09\/wdasdasdasd.png"},{"@type":"BreadcrumbList","@id":"https:\/\/mistrzowieimprez.pl\/leksykon-mistrzow-imprez\/c\/#breadcrumb","itemListElement":[{"@type":"ListItem","position":1,"name":"Strona g\u0142\u00f3wna","item":"https:\/\/mistrzowieimprez.pl\/"},{"@type":"ListItem","position":2,"name":"Leksykon mistrz\u00f3w imprez","item":"https:\/\/mistrzowieimprez.pl\/leksykon-mistrzow-imprez\/"},{"@type":"ListItem","position":3,"name":"C"}]},{"@type":"WebSite","@id":"https:\/\/mistrzowieimprez.pl\/#website","url":"https:\/\/mistrzowieimprez.pl\/","name":"Mistrzowie Imprez","description":"Kompleksowa organizacja imprez","publisher":{"@id":"https:\/\/mistrzowieimprez.pl\/#organization"},"potentialAction":[{"@type":"SearchAction","target":{"@type":"EntryPoint","urlTemplate":"https:\/\/mistrzowieimprez.pl\/?s={search_term_string}"},"query-input":{"@type":"PropertyValueSpecification","valueRequired":true,"valueName":"search_term_string"}}],"inLanguage":"en-GB"},{"@type":"Organization","@id":"https:\/\/mistrzowieimprez.pl\/#organization","name":"Mistrzowie Imprez","url":"https:\/\/mistrzowieimprez.pl\/","logo":{"@type":"ImageObject","inLanguage":"en-GB","@id":"https:\/\/mistrzowieimprez.pl\/#\/schema\/logo\/image\/","url":"https:\/\/mistrzowieimprez.pl\/wp-content\/uploads\/2024\/08\/mistrzowie_imprez_logo_ciemne-tlo@4x.png","contentUrl":"https:\/\/mistrzowieimprez.pl\/wp-content\/uploads\/2024\/08\/mistrzowie_imprez_logo_ciemne-tlo@4x.png","width":1318,"height":351,"caption":"Mistrzowie Imprez"},"image":{"@id":"https:\/\/mistrzowieimprez.pl\/#\/schema\/logo\/image\/"},"sameAs":["https:\/\/www.facebook.com\/mistrzowieimprez","https:\/\/www.instagram.com\/mistrzowieimprez\/","https:\/\/www.youtube.com\/@ytmistrzowieimprez"]}]}},"_links":{"self":[{"href":"https:\/\/mistrzowieimprez.pl\/en\/wp-json\/wp\/v2\/pages\/3203","targetHints":{"allow":["GET"]}}],"collection":[{"href":"https:\/\/mistrzowieimprez.pl\/en\/wp-json\/wp\/v2\/pages"}],"about":[{"href":"https:\/\/mistrzowieimprez.pl\/en\/wp-json\/wp\/v2\/types\/page"}],"author":[{"embeddable":true,"href":"https:\/\/mistrzowieimprez.pl\/en\/wp-json\/wp\/v2\/users\/9"}],"replies":[{"embeddable":true,"href":"https:\/\/mistrzowieimprez.pl\/en\/wp-json\/wp\/v2\/comments?post=3203"}],"version-history":[{"count":4,"href":"https:\/\/mistrzowieimprez.pl\/en\/wp-json\/wp\/v2\/pages\/3203\/revisions"}],"predecessor-version":[{"id":3222,"href":"https:\/\/mistrzowieimprez.pl\/en\/wp-json\/wp\/v2\/pages\/3203\/revisions\/3222"}],"up":[{"embeddable":true,"href":"https:\/\/mistrzowieimprez.pl\/en\/wp-json\/wp\/v2\/pages\/3162"}],"wp:attachment":[{"href":"https:\/\/mistrzowieimprez.pl\/en\/wp-json\/wp\/v2\/media?parent=3203"}],"curies":[{"name":"wp","href":"https:\/\/api.w.org\/{rel}","templated":true}]}}