{"id":3162,"date":"2025-08-05T08:07:17","date_gmt":"2025-08-05T08:07:17","guid":{"rendered":"https:\/\/mistrzowieimprez.pl\/?page_id=3162"},"modified":"2026-02-18T09:06:09","modified_gmt":"2026-02-18T09:06:09","slug":"leksykon-mistrzow-imprez","status":"publish","type":"page","link":"https:\/\/mistrzowieimprez.pl\/en\/leksykon-mistrzow-imprez\/","title":{"rendered":"Leksykon mistrz\u00f3w imprez"},"content":{"rendered":"<div data-elementor-type=\"wp-page\" data-elementor-id=\"3162\" class=\"elementor elementor-3162\" data-elementor-post-type=\"page\">\n\t\t\t\t<div class=\"elementor-element elementor-element-21a7fd6c e-flex e-con-boxed elementor-invisible e-con e-parent\" data-id=\"21a7fd6c\" data-element_type=\"container\" data-e-type=\"container\" data-settings=\"{&quot;background_background&quot;:&quot;classic&quot;,&quot;animation&quot;:&quot;fadeIn&quot;}\">\n\t\t\t\t\t<div class=\"e-con-inner\">\n\t\t<div class=\"elementor-element elementor-element-6bc19e9f e-con-full e-flex e-con e-child\" data-id=\"6bc19e9f\" data-element_type=\"container\" data-e-type=\"container\">\n\t\t\t\t<div class=\"elementor-element elementor-element-f768de7 elementor-widget-laptop__width-inherit elementor-invisible elementor-widget elementor-widget-heading\" data-id=\"f768de7\" data-element_type=\"widget\" data-e-type=\"widget\" data-settings=\"{&quot;_animation&quot;:&quot;fadeInUp&quot;}\" data-widget_type=\"heading.default\">\n\t\t\t\t\t<h1 class=\"elementor-heading-title elementor-size-default\">Leksykon eventowy Mistrz\u00f3w Imprez\n\n<\/h1>\t\t\t\t<\/div>\n\t\t\t\t<\/div>\n\t\t\t\t\t<\/div>\n\t\t\t\t<\/div>\n\t\t<div class=\"elementor-element elementor-element-3972428a e-flex e-con-boxed elementor-invisible e-con e-parent\" data-id=\"3972428a\" data-element_type=\"container\" data-e-type=\"container\" data-settings=\"{&quot;background_background&quot;:&quot;classic&quot;,&quot;animation&quot;:&quot;fadeIn&quot;}\">\n\t\t\t\t\t<div class=\"e-con-inner\">\n\t\t<div class=\"elementor-element elementor-element-2008fec9 e-con-full e-flex elementor-invisible e-con e-child\" data-id=\"2008fec9\" data-element_type=\"container\" data-e-type=\"container\" data-settings=\"{&quot;animation&quot;:&quot;fadeInLeft&quot;}\">\n\t\t\t\t<div class=\"elementor-element elementor-element-3e5076f elementor-widget elementor-widget-image\" data-id=\"3e5076f\" data-element_type=\"widget\" data-e-type=\"widget\" data-widget_type=\"image.default\">\n\t\t\t\t\t\t\t\t\t\t\t\t\t\t\t<img fetchpriority=\"high\" decoding=\"async\" width=\"1536\" height=\"2048\" src=\"https:\/\/mistrzowieimprez.pl\/wp-content\/uploads\/2024\/09\/426183573_1066541861134184_5566184723638946193_n.jpg\" class=\"attachment-full size-full wp-image-1958\" alt=\"To zdj\u0119cie przedstawia maszyn\u0119 do chwytania banknot\u00f3w, prawdopodobnie u\u017cywan\u0105 jako atrakcja podczas event\u00f3w organizowanych przez Mistrz\u00f3w imprez.\" srcset=\"https:\/\/mistrzowieimprez.pl\/wp-content\/uploads\/2024\/09\/426183573_1066541861134184_5566184723638946193_n.jpg 1536w, https:\/\/mistrzowieimprez.pl\/wp-content\/uploads\/2024\/09\/426183573_1066541861134184_5566184723638946193_n-225x300.jpg 225w, https:\/\/mistrzowieimprez.pl\/wp-content\/uploads\/2024\/09\/426183573_1066541861134184_5566184723638946193_n-768x1024.jpg 768w, https:\/\/mistrzowieimprez.pl\/wp-content\/uploads\/2024\/09\/426183573_1066541861134184_5566184723638946193_n-1152x1536.jpg 1152w, https:\/\/mistrzowieimprez.pl\/wp-content\/uploads\/2024\/09\/426183573_1066541861134184_5566184723638946193_n-9x12.jpg 9w, https:\/\/mistrzowieimprez.pl\/wp-content\/uploads\/2024\/09\/426183573_1066541861134184_5566184723638946193_n-600x800.jpg 600w\" sizes=\"(max-width: 1536px) 100vw, 1536px\" \/>\t\t\t\t\t\t\t\t\t\t\t\t\t\t\t<\/div>\n\t\t\t\t<\/div>\n\t\t<div class=\"elementor-element elementor-element-7a5b7ca9 e-con-full e-flex e-con e-child\" data-id=\"7a5b7ca9\" data-element_type=\"container\" data-e-type=\"container\">\n\t\t\t\t<div class=\"elementor-element elementor-element-71e1308f elementor-invisible elementor-widget elementor-widget-heading\" data-id=\"71e1308f\" data-element_type=\"widget\" data-e-type=\"widget\" data-settings=\"{&quot;_animation&quot;:&quot;fadeInUp&quot;}\" data-widget_type=\"heading.default\">\n\t\t\t\t\t<p class=\"elementor-heading-title elementor-size-default\">Leksykon eventowy Mistrz\u00f3w Imprez\n\n<\/p>\t\t\t\t<\/div>\n\t\t\t\t<div class=\"elementor-element elementor-element-4986ae2d elementor-invisible elementor-widget elementor-widget-text-editor\" data-id=\"4986ae2d\" data-element_type=\"widget\" data-e-type=\"widget\" data-settings=\"{&quot;_animation&quot;:&quot;fadeInUp&quot;}\" data-widget_type=\"text-editor.default\">\n\t\t\t\t\t\t\t\t\t<p data-start=\"441\" data-end=\"873\"><a href=\"https:\/\/mistrzowieimprez.pl\/\">Organizacja event\u00f3w<\/a> mo\u017ce by\u0107 pe\u0142na wyzwa\u0144 \u2013 wyb\u00f3r odpowiedniego scenariusza integracyjnego, idealnej lokalizacji, atrakcji oraz koordynacja ka\u017cdego detalu. W\u0142a\u015bnie dlatego stworzyli\u015bmy <strong data-start=\"626\" data-end=\"663\">Leksykon eventowy Mistrz\u00f3w Imprez<\/strong> \u2013 przestrze\u0144, w kt\u00f3rej w przejrzysty spos\u00f3b wyja\u015bniamy specjalistyczne poj\u0119cia i zagadnienia zwi\u0105zane z organizacj\u0105 wydarze\u0144. Bez zb\u0119dnego \u017cargonu, ale z pe\u0142nym szacunkiem dla profesjonalizmu bran\u017cy eventowej.<\/p><p data-start=\"875\" data-end=\"1216\">Znajdziesz tu opisy typ\u00f3w wydarze\u0144 \u2013 od piknik\u00f3w firmowych, przez team\u2011building, po gale i konferencje. Wyja\u015bniamy, czym s\u0105 scenariusze integracyjne, jak dzia\u0142a Aerotunel czy Monster Truck, na czym polega wynajem atrakcji, jakie elementy obejmuje obs\u0142uga artystyczna oraz jak wygl\u0105da kompleksowa produkcja eventu od briefu po raport ko\u0144cowy.<\/p><p data-start=\"1218\" data-end=\"1532\">Naszym celem jest nie tylko przekazanie wiedzy, ale tak\u017ce inspirowanie \u2013 tutaj dowiesz si\u0119, jak zaplanowa\u0107 event, kt\u00f3ry anga\u017cuje zesp\u00f3\u0142, buduje relacje i dostarcza emocji. Ka\u017cdy wpis zosta\u0142 stworzony z my\u015bl\u0105 o osobach, kt\u00f3re chc\u0105 \u015bwiadomie podejmowa\u0107 decyzje i wsp\u00f3\u0142pracowa\u0107 z agencj\u0105 eventow\u0105 na r\u00f3wnych zasadach.<\/p><p data-start=\"1534\" data-end=\"1814\">Ton komunikacji jest przyjazny i przyst\u0119pny, ale nie traci profesjonalizmu \u2013 bo wiemy, \u017ce bran\u017ca eventowa wymaga precyzji. Nasze wyja\u015bnienia s\u0105 naturalnie osadzone w j\u0119zyku SEO, pod\u0105\u017caj\u0105 za frazami popularnymi dla event\u00f3w bran\u017cowych \u2013 a jednocze\u015bnie pozostaj\u0105 lekkie i anga\u017cuj\u0105ce.<\/p><p data-start=\"1816\" data-end=\"2095\">Je\u015bli chcesz lepiej zrozumie\u0107 \u015bwiat event\u00f3w, pozna\u0107 r\u00f3\u017cnice mi\u0119dzy typami imprez oraz dowiedzie\u0107 si\u0119, jakie atrakcje pasuj\u0105 do konkretnego celu integracji \u2013 zaczynasz w dobrym miejscu. I nie jeste\u015b sam \u2013 Mistrzowie Imprez z 25\u2011letnim do\u015bwiadczeniem wspieraj\u0105 Ci\u0119 na ka\u017cdym kroku.<\/p>\t\t\t\t\t\t\t\t<\/div>\n\t\t\t\t<div class=\"elementor-element elementor-element-eaefe51 elementor-invisible elementor-widget elementor-widget-text-editor\" data-id=\"eaefe51\" data-element_type=\"widget\" data-e-type=\"widget\" data-settings=\"{&quot;_animation&quot;:&quot;fadeInUp&quot;}\" data-widget_type=\"text-editor.default\">\n\t\t\t\t\t\t\t\t\t<p data-start=\"2102\" data-end=\"2207\">| <a href=\"https:\/\/mistrzowieimprez.pl\/leksykon-mistrzow-imprez\/a\">A<\/a> | <a href=\"https:\/\/mistrzowieimprez.pl\/leksykon-mistrzow-imprez\/b\">B<\/a> | <a href=\"https:\/\/mistrzowieimprez.pl\/leksykon-mistrzow-imprez\/c\">C<\/a> | <a href=\"https:\/\/mistrzowieimprez.pl\/leksykon-mistrzow-imprez\/d\">D<\/a> | <a href=\"https:\/\/mistrzowieimprez.pl\/leksykon-mistrzow-imprez\/e\">E<\/a> | <a href=\"https:\/\/mistrzowieimprez.pl\/leksykon-mistrzow-imprez\/f\">F<\/a> | <a href=\"https:\/\/mistrzowieimprez.pl\/leksykon-mistrzow-imprez\/g\">G<\/a> | <a href=\"https:\/\/mistrzowieimprez.pl\/leksykon-mistrzow-imprez\/h\">H<\/a> | <a href=\"https:\/\/mistrzowieimprez.pl\/leksykon-mistrzow-imprez\/i\">I<\/a> | <a href=\"https:\/\/mistrzowieimprez.pl\/leksykon-mistrzow-imprez\/j\">J<\/a> | <a href=\"https:\/\/mistrzowieimprez.pl\/leksykon-mistrzow-imprez\/k\">K<\/a> | <a href=\"https:\/\/mistrzowieimprez.pl\/leksykon-mistrzow-imprez\/l\">L<\/a> | <a href=\"https:\/\/mistrzowieimprez.pl\/leksykon-mistrzow-imprez\/m\">M<\/a> | N | O | P | R | S | T | U | V | W | Y | Z |<\/p>\t\t\t\t\t\t\t\t<\/div>\n\t\t\t\t<\/div>\n\t\t\t\t\t<\/div>\n\t\t\t\t<\/div>\n\t\t\t\t<\/div>","protected":false},"excerpt":{"rendered":"<p>Leksykon eventowy Mistrz\u00f3w Imprez Leksykon eventowy Mistrz\u00f3w Imprez Organizacja event\u00f3w mo\u017ce by\u0107 pe\u0142na wyzwa\u0144 \u2013 wyb\u00f3r odpowiedniego scenariusza integracyjnego, idealnej lokalizacji, atrakcji oraz koordynacja ka\u017cdego detalu. W\u0142a\u015bnie dlatego stworzyli\u015bmy Leksykon eventowy Mistrz\u00f3w Imprez \u2013 przestrze\u0144, w kt\u00f3rej w przejrzysty spos\u00f3b wyja\u015bniamy specjalistyczne poj\u0119cia i zagadnienia zwi\u0105zane z organizacj\u0105 wydarze\u0144. Bez zb\u0119dnego \u017cargonu, ale z pe\u0142nym [&hellip;]<\/p>\n","protected":false},"author":9,"featured_media":0,"parent":0,"menu_order":0,"comment_status":"closed","ping_status":"closed","template":"elementor_header_footer","meta":{"_acf_changed":false,"footnotes":""},"class_list":["post-3162","page","type-page","status-publish","hentry"],"acf":[],"yoast_head":"<!-- This site is optimized with the Yoast SEO plugin v27.5 - https:\/\/yoast.com\/product\/yoast-seo-wordpress\/ -->\n<title>Leksykon Mistrz\u00f3w Imprez<\/title>\n<meta name=\"description\" content=\"Jak organizujemy imprezy integracyjne? Kreatywne scenariusze, unikalne atrakcje, kompleksowe wsparcie i wiele wi\u0119cej. Poznaj nas!\" \/>\n<meta name=\"robots\" content=\"index, follow, max-snippet:-1, max-image-preview:large, max-video-preview:-1\" \/>\n<link rel=\"canonical\" href=\"https:\/\/mistrzowieimprez.pl\/en\/leksykon-mistrzow-imprez\/\" \/>\n<meta property=\"og:locale\" content=\"en_GB\" \/>\n<meta property=\"og:type\" content=\"article\" \/>\n<meta property=\"og:title\" content=\"Leksykon Mistrz\u00f3w Imprez\" \/>\n<meta property=\"og:description\" content=\"Jak organizujemy imprezy integracyjne? Kreatywne scenariusze, unikalne atrakcje, kompleksowe wsparcie i wiele wi\u0119cej. Poznaj nas!\" \/>\n<meta property=\"og:url\" content=\"https:\/\/mistrzowieimprez.pl\/en\/leksykon-mistrzow-imprez\/\" \/>\n<meta property=\"og:site_name\" content=\"Mistrzowie Imprez\" \/>\n<meta property=\"article:publisher\" content=\"https:\/\/www.facebook.com\/mistrzowieimprez\" \/>\n<meta property=\"article:modified_time\" content=\"2026-02-18T09:06:09+00:00\" \/>\n<meta property=\"og:image\" content=\"https:\/\/mistrzowieimprez.pl\/wp-content\/uploads\/2024\/09\/426183573_1066541861134184_5566184723638946193_n.jpg\" \/>\n<meta name=\"twitter:card\" content=\"summary_large_image\" \/>\n<meta name=\"twitter:label1\" content=\"Estimated reading time\" \/>\n\t<meta name=\"twitter:data1\" content=\"2 minutes\" \/>\n<script type=\"application\/ld+json\" class=\"yoast-schema-graph\">{\"@context\":\"https:\\\/\\\/schema.org\",\"@graph\":[{\"@type\":\"WebPage\",\"@id\":\"https:\\\/\\\/mistrzowieimprez.pl\\\/leksykon-mistrzow-imprez\\\/\",\"url\":\"https:\\\/\\\/mistrzowieimprez.pl\\\/leksykon-mistrzow-imprez\\\/\",\"name\":\"Leksykon Mistrz\u00f3w Imprez\",\"isPartOf\":{\"@id\":\"https:\\\/\\\/mistrzowieimprez.pl\\\/#website\"},\"primaryImageOfPage\":{\"@id\":\"https:\\\/\\\/mistrzowieimprez.pl\\\/leksykon-mistrzow-imprez\\\/#primaryimage\"},\"image\":{\"@id\":\"https:\\\/\\\/mistrzowieimprez.pl\\\/leksykon-mistrzow-imprez\\\/#primaryimage\"},\"thumbnailUrl\":\"https:\\\/\\\/mistrzowieimprez.pl\\\/wp-content\\\/uploads\\\/2024\\\/09\\\/426183573_1066541861134184_5566184723638946193_n.jpg\",\"datePublished\":\"2025-08-05T08:07:17+00:00\",\"dateModified\":\"2026-02-18T09:06:09+00:00\",\"description\":\"Jak organizujemy imprezy integracyjne? Kreatywne scenariusze, unikalne atrakcje, kompleksowe wsparcie i wiele wi\u0119cej. Poznaj nas!\",\"breadcrumb\":{\"@id\":\"https:\\\/\\\/mistrzowieimprez.pl\\\/leksykon-mistrzow-imprez\\\/#breadcrumb\"},\"inLanguage\":\"en-GB\",\"potentialAction\":[{\"@type\":\"ReadAction\",\"target\":[\"https:\\\/\\\/mistrzowieimprez.pl\\\/leksykon-mistrzow-imprez\\\/\"]}]},{\"@type\":\"ImageObject\",\"inLanguage\":\"en-GB\",\"@id\":\"https:\\\/\\\/mistrzowieimprez.pl\\\/leksykon-mistrzow-imprez\\\/#primaryimage\",\"url\":\"https:\\\/\\\/mistrzowieimprez.pl\\\/wp-content\\\/uploads\\\/2024\\\/09\\\/426183573_1066541861134184_5566184723638946193_n.jpg\",\"contentUrl\":\"https:\\\/\\\/mistrzowieimprez.pl\\\/wp-content\\\/uploads\\\/2024\\\/09\\\/426183573_1066541861134184_5566184723638946193_n.jpg\"},{\"@type\":\"BreadcrumbList\",\"@id\":\"https:\\\/\\\/mistrzowieimprez.pl\\\/leksykon-mistrzow-imprez\\\/#breadcrumb\",\"itemListElement\":[{\"@type\":\"ListItem\",\"position\":1,\"name\":\"Strona g\u0142\u00f3wna\",\"item\":\"https:\\\/\\\/mistrzowieimprez.pl\\\/\"},{\"@type\":\"ListItem\",\"position\":2,\"name\":\"Leksykon mistrz\u00f3w imprez\"}]},{\"@type\":\"WebSite\",\"@id\":\"https:\\\/\\\/mistrzowieimprez.pl\\\/#website\",\"url\":\"https:\\\/\\\/mistrzowieimprez.pl\\\/\",\"name\":\"Mistrzowie Imprez\",\"description\":\"Kompleksowa organizacja imprez\",\"publisher\":{\"@id\":\"https:\\\/\\\/mistrzowieimprez.pl\\\/#organization\"},\"potentialAction\":[{\"@type\":\"SearchAction\",\"target\":{\"@type\":\"EntryPoint\",\"urlTemplate\":\"https:\\\/\\\/mistrzowieimprez.pl\\\/?s={search_term_string}\"},\"query-input\":{\"@type\":\"PropertyValueSpecification\",\"valueRequired\":true,\"valueName\":\"search_term_string\"}}],\"inLanguage\":\"en-GB\"},{\"@type\":\"Organization\",\"@id\":\"https:\\\/\\\/mistrzowieimprez.pl\\\/#organization\",\"name\":\"Mistrzowie Imprez\",\"url\":\"https:\\\/\\\/mistrzowieimprez.pl\\\/\",\"logo\":{\"@type\":\"ImageObject\",\"inLanguage\":\"en-GB\",\"@id\":\"https:\\\/\\\/mistrzowieimprez.pl\\\/#\\\/schema\\\/logo\\\/image\\\/\",\"url\":\"https:\\\/\\\/mistrzowieimprez.pl\\\/wp-content\\\/uploads\\\/2024\\\/08\\\/mistrzowie_imprez_logo_ciemne-tlo@4x.png\",\"contentUrl\":\"https:\\\/\\\/mistrzowieimprez.pl\\\/wp-content\\\/uploads\\\/2024\\\/08\\\/mistrzowie_imprez_logo_ciemne-tlo@4x.png\",\"width\":1318,\"height\":351,\"caption\":\"Mistrzowie Imprez\"},\"image\":{\"@id\":\"https:\\\/\\\/mistrzowieimprez.pl\\\/#\\\/schema\\\/logo\\\/image\\\/\"},\"sameAs\":[\"https:\\\/\\\/www.facebook.com\\\/mistrzowieimprez\",\"https:\\\/\\\/www.instagram.com\\\/mistrzowieimprez\\\/\",\"https:\\\/\\\/www.youtube.com\\\/@ytmistrzowieimprez\"]}]}<\/script>\n<!-- \/ Yoast SEO plugin. -->","yoast_head_json":{"title":"Leksykon Mistrz\u00f3w Imprez","description":"Jak organizujemy imprezy integracyjne? Kreatywne scenariusze, unikalne atrakcje, kompleksowe wsparcie i wiele wi\u0119cej. Poznaj nas!","robots":{"index":"index","follow":"follow","max-snippet":"max-snippet:-1","max-image-preview":"max-image-preview:large","max-video-preview":"max-video-preview:-1"},"canonical":"https:\/\/mistrzowieimprez.pl\/en\/leksykon-mistrzow-imprez\/","og_locale":"en_GB","og_type":"article","og_title":"Leksykon Mistrz\u00f3w Imprez","og_description":"Jak organizujemy imprezy integracyjne? Kreatywne scenariusze, unikalne atrakcje, kompleksowe wsparcie i wiele wi\u0119cej. Poznaj nas!","og_url":"https:\/\/mistrzowieimprez.pl\/en\/leksykon-mistrzow-imprez\/","og_site_name":"Mistrzowie Imprez","article_publisher":"https:\/\/www.facebook.com\/mistrzowieimprez","article_modified_time":"2026-02-18T09:06:09+00:00","og_image":[{"url":"https:\/\/mistrzowieimprez.pl\/wp-content\/uploads\/2024\/09\/426183573_1066541861134184_5566184723638946193_n.jpg","type":"","width":"","height":""}],"twitter_card":"summary_large_image","twitter_misc":{"Estimated reading time":"2 minutes"},"schema":{"@context":"https:\/\/schema.org","@graph":[{"@type":"WebPage","@id":"https:\/\/mistrzowieimprez.pl\/leksykon-mistrzow-imprez\/","url":"https:\/\/mistrzowieimprez.pl\/leksykon-mistrzow-imprez\/","name":"Leksykon Mistrz\u00f3w Imprez","isPartOf":{"@id":"https:\/\/mistrzowieimprez.pl\/#website"},"primaryImageOfPage":{"@id":"https:\/\/mistrzowieimprez.pl\/leksykon-mistrzow-imprez\/#primaryimage"},"image":{"@id":"https:\/\/mistrzowieimprez.pl\/leksykon-mistrzow-imprez\/#primaryimage"},"thumbnailUrl":"https:\/\/mistrzowieimprez.pl\/wp-content\/uploads\/2024\/09\/426183573_1066541861134184_5566184723638946193_n.jpg","datePublished":"2025-08-05T08:07:17+00:00","dateModified":"2026-02-18T09:06:09+00:00","description":"Jak organizujemy imprezy integracyjne? Kreatywne scenariusze, unikalne atrakcje, kompleksowe wsparcie i wiele wi\u0119cej. Poznaj nas!","breadcrumb":{"@id":"https:\/\/mistrzowieimprez.pl\/leksykon-mistrzow-imprez\/#breadcrumb"},"inLanguage":"en-GB","potentialAction":[{"@type":"ReadAction","target":["https:\/\/mistrzowieimprez.pl\/leksykon-mistrzow-imprez\/"]}]},{"@type":"ImageObject","inLanguage":"en-GB","@id":"https:\/\/mistrzowieimprez.pl\/leksykon-mistrzow-imprez\/#primaryimage","url":"https:\/\/mistrzowieimprez.pl\/wp-content\/uploads\/2024\/09\/426183573_1066541861134184_5566184723638946193_n.jpg","contentUrl":"https:\/\/mistrzowieimprez.pl\/wp-content\/uploads\/2024\/09\/426183573_1066541861134184_5566184723638946193_n.jpg"},{"@type":"BreadcrumbList","@id":"https:\/\/mistrzowieimprez.pl\/leksykon-mistrzow-imprez\/#breadcrumb","itemListElement":[{"@type":"ListItem","position":1,"name":"Strona g\u0142\u00f3wna","item":"https:\/\/mistrzowieimprez.pl\/"},{"@type":"ListItem","position":2,"name":"Leksykon mistrz\u00f3w imprez"}]},{"@type":"WebSite","@id":"https:\/\/mistrzowieimprez.pl\/#website","url":"https:\/\/mistrzowieimprez.pl\/","name":"Mistrzowie Imprez","description":"Kompleksowa organizacja imprez","publisher":{"@id":"https:\/\/mistrzowieimprez.pl\/#organization"},"potentialAction":[{"@type":"SearchAction","target":{"@type":"EntryPoint","urlTemplate":"https:\/\/mistrzowieimprez.pl\/?s={search_term_string}"},"query-input":{"@type":"PropertyValueSpecification","valueRequired":true,"valueName":"search_term_string"}}],"inLanguage":"en-GB"},{"@type":"Organization","@id":"https:\/\/mistrzowieimprez.pl\/#organization","name":"Mistrzowie Imprez","url":"https:\/\/mistrzowieimprez.pl\/","logo":{"@type":"ImageObject","inLanguage":"en-GB","@id":"https:\/\/mistrzowieimprez.pl\/#\/schema\/logo\/image\/","url":"https:\/\/mistrzowieimprez.pl\/wp-content\/uploads\/2024\/08\/mistrzowie_imprez_logo_ciemne-tlo@4x.png","contentUrl":"https:\/\/mistrzowieimprez.pl\/wp-content\/uploads\/2024\/08\/mistrzowie_imprez_logo_ciemne-tlo@4x.png","width":1318,"height":351,"caption":"Mistrzowie Imprez"},"image":{"@id":"https:\/\/mistrzowieimprez.pl\/#\/schema\/logo\/image\/"},"sameAs":["https:\/\/www.facebook.com\/mistrzowieimprez","https:\/\/www.instagram.com\/mistrzowieimprez\/","https:\/\/www.youtube.com\/@ytmistrzowieimprez"]}]}},"_links":{"self":[{"href":"https:\/\/mistrzowieimprez.pl\/en\/wp-json\/wp\/v2\/pages\/3162","targetHints":{"allow":["GET"]}}],"collection":[{"href":"https:\/\/mistrzowieimprez.pl\/en\/wp-json\/wp\/v2\/pages"}],"about":[{"href":"https:\/\/mistrzowieimprez.pl\/en\/wp-json\/wp\/v2\/types\/page"}],"author":[{"embeddable":true,"href":"https:\/\/mistrzowieimprez.pl\/en\/wp-json\/wp\/v2\/users\/9"}],"replies":[{"embeddable":true,"href":"https:\/\/mistrzowieimprez.pl\/en\/wp-json\/wp\/v2\/comments?post=3162"}],"version-history":[{"count":8,"href":"https:\/\/mistrzowieimprez.pl\/en\/wp-json\/wp\/v2\/pages\/3162\/revisions"}],"predecessor-version":[{"id":3287,"href":"https:\/\/mistrzowieimprez.pl\/en\/wp-json\/wp\/v2\/pages\/3162\/revisions\/3287"}],"wp:attachment":[{"href":"https:\/\/mistrzowieimprez.pl\/en\/wp-json\/wp\/v2\/media?parent=3162"}],"curies":[{"name":"wp","href":"https:\/\/api.w.org\/{rel}","templated":true}]}}